{"id":2436,"date":"2022-04-27T09:35:28","date_gmt":"2022-04-27T09:35:28","guid":{"rendered":"http:\/\/alias-animation.fr\/?post_type=product&#038;p=2436"},"modified":"2022-05-11T08:52:30","modified_gmt":"2022-05-11T08:52:30","slug":"baby-foot","status":"publish","type":"product","link":"https:\/\/alias-animation.fr\/?product=baby-foot","title":{"rendered":"Baby Foot"},"content":{"rendered":"","protected":false},"excerpt":{"rendered":"<p style=\"text-align: left;\"><span style=\"color: #ff0000;\"><strong>Le prix sera indiqu\u00e9 dans notre devis<br \/>\n<\/strong><\/span>Ce baby-foot permet de jouer entre amis ou en famille<br \/>\ncomme si vous \u00e9tiez dans un bar.<\/p>\n<div class=\"page\" title=\"Page 89\">\n<div class=\"layoutArea\">\n<div class=\"column\">\n<p>Les coins du terrain sont \u00e9videmment relev\u00e9s et le fond des cages est en m\u00e9tal<br \/>\npour qu&rsquo;on puisse entendre le fameux bruit des tables de caf\u00e9 \u00e0 chaque but marqu\u00e9 !<\/p>\n<p>Le gagnant est le joueur ou l&rsquo;\u00e9quipe \u00e0 marquer le plus de points<br \/>\ndans les buts de l&rsquo;adversaire.<\/p>\n<\/div>\n<\/div>\n<\/div>\n<p><em>Nombre de joueurs : 2 ou 4<\/em><\/p>\n","protected":false},"featured_media":2592,"template":"","meta":{"_et_pb_use_builder":"","_et_pb_old_content":"","_et_gb_content_width":"","_uag_custom_page_level_css":""},"product_brand":[],"product_cat":[28],"product_tag":[],"class_list":{"0":"post-2436","1":"product","2":"type-product","3":"status-publish","4":"has-post-thumbnail","6":"product_cat-jeux-xxl","8":"first","9":"instock","10":"shipping-taxable","11":"purchasable","12":"product-type-simple"},"aioseo_notices":[],"uagb_featured_image_src":{"full":["https:\/\/alias-animation.fr\/wp-content\/uploads\/2022\/04\/baby-foot-catenaccio-1024x782-1.jpg",600,600,false],"thumbnail":["https:\/\/alias-animation.fr\/wp-content\/uploads\/2022\/04\/baby-foot-catenaccio-1024x782-1-150x150.jpg",150,150,true],"medium":["https:\/\/alias-animation.fr\/wp-content\/uploads\/2022\/04\/baby-foot-catenaccio-1024x782-1-300x300.jpg",300,300,true],"medium_large":["https:\/\/alias-animation.fr\/wp-content\/uploads\/2022\/04\/baby-foot-catenaccio-1024x782-1.jpg",600,600,false],"large":["https:\/\/alias-animation.fr\/wp-content\/uploads\/2022\/04\/baby-foot-catenaccio-1024x782-1.jpg",600,600,false],"1536x1536":["https:\/\/alias-animation.fr\/wp-content\/uploads\/2022\/04\/baby-foot-catenaccio-1024x782-1.jpg",600,600,false],"2048x2048":["https:\/\/alias-animation.fr\/wp-content\/uploads\/2022\/04\/baby-foot-catenaccio-1024x782-1.jpg",600,600,false],"et-pb-post-main-image":["https:\/\/alias-animation.fr\/wp-content\/uploads\/2022\/04\/baby-foot-catenaccio-1024x782-1.jpg",250,250,false],"et-pb-post-main-image-fullwidth":["https:\/\/alias-animation.fr\/wp-content\/uploads\/2022\/04\/baby-foot-catenaccio-1024x782-1.jpg",600,600,false],"et-pb-portfolio-image":["https:\/\/alias-animation.fr\/wp-content\/uploads\/2022\/04\/baby-foot-catenaccio-1024x782-1.jpg",284,284,false],"et-pb-portfolio-module-image":["https:\/\/alias-animation.fr\/wp-content\/uploads\/2022\/04\/baby-foot-catenaccio-1024x782-1.jpg",382,382,false],"et-pb-portfolio-image-single":["https:\/\/alias-animation.fr\/wp-content\/uploads\/2022\/04\/baby-foot-catenaccio-1024x782-1.jpg",600,600,false],"et-pb-gallery-module-image-portrait":["https:\/\/alias-animation.fr\/wp-content\/uploads\/2022\/04\/baby-foot-catenaccio-1024x782-1.jpg",400,400,false],"et-pb-post-main-image-fullwidth-large":["https:\/\/alias-animation.fr\/wp-content\/uploads\/2022\/04\/baby-foot-catenaccio-1024x782-1.jpg",600,600,false],"et-pb-image--responsive--desktop":["https:\/\/alias-animation.fr\/wp-content\/uploads\/2022\/04\/baby-foot-catenaccio-1024x782-1.jpg",600,600,false],"et-pb-image--responsive--tablet":["https:\/\/alias-animation.fr\/wp-content\/uploads\/2022\/04\/baby-foot-catenaccio-1024x782-1.jpg",551,551,false],"et-pb-image--responsive--phone":["https:\/\/alias-animation.fr\/wp-content\/uploads\/2022\/04\/baby-foot-catenaccio-1024x782-1.jpg",270,270,false],"woocommerce_thumbnail":["https:\/\/alias-animation.fr\/wp-content\/uploads\/2022\/04\/baby-foot-catenaccio-1024x782-1-300x300.jpg",300,300,true],"woocommerce_single":["https:\/\/alias-animation.fr\/wp-content\/uploads\/2022\/04\/baby-foot-catenaccio-1024x782-1.jpg",600,600,false],"woocommerce_gallery_thumbnail":["https:\/\/alias-animation.fr\/wp-content\/uploads\/2022\/04\/baby-foot-catenaccio-1024x782-1-100x100.jpg",100,100,true]},"uagb_author_info":{"display_name":"Laetitia Bizet","author_link":"https:\/\/alias-animation.fr\/?author=0"},"uagb_comment_info":0,"uagb_excerpt":"Le prix sera indiqu\u00e9 dans notre devis Ce baby-foot permet de jouer entre amis ou en famille comme si vous \u00e9tiez dans un bar. Les coins du terrain sont \u00e9videmment relev\u00e9s et le fond des cages est en m\u00e9tal pour qu'on puisse entendre le fameux bruit des tables de caf\u00e9 \u00e0 chaque but marqu\u00e9 !\u2026","jetpack_sharing_enabled":true,"_links":{"self":[{"href":"https:\/\/alias-animation.fr\/index.php?rest_route=\/wp\/v2\/product\/2436","targetHints":{"allow":["GET"]}}],"collection":[{"href":"https:\/\/alias-animation.fr\/index.php?rest_route=\/wp\/v2\/product"}],"about":[{"href":"https:\/\/alias-animation.fr\/index.php?rest_route=\/wp\/v2\/types\/product"}],"version-history":[{"count":3,"href":"https:\/\/alias-animation.fr\/index.php?rest_route=\/wp\/v2\/product\/2436\/revisions"}],"predecessor-version":[{"id":2632,"href":"https:\/\/alias-animation.fr\/index.php?rest_route=\/wp\/v2\/product\/2436\/revisions\/2632"}],"wp:featuredmedia":[{"embeddable":true,"href":"https:\/\/alias-animation.fr\/index.php?rest_route=\/wp\/v2\/media\/2592"}],"wp:attachment":[{"href":"https:\/\/alias-animation.fr\/index.php?rest_route=%2Fwp%2Fv2%2Fmedia&parent=2436"}],"wp:term":[{"taxonomy":"product_brand","embeddable":true,"href":"https:\/\/alias-animation.fr\/index.php?rest_route=%2Fwp%2Fv2%2Fproduct_brand&post=2436"},{"taxonomy":"product_cat","embeddable":true,"href":"https:\/\/alias-animation.fr\/index.php?rest_route=%2Fwp%2Fv2%2Fproduct_cat&post=2436"},{"taxonomy":"product_tag","embeddable":true,"href":"https:\/\/alias-animation.fr\/index.php?rest_route=%2Fwp%2Fv2%2Fproduct_tag&post=2436"}],"curies":[{"name":"wp","href":"https:\/\/api.w.org\/{rel}","templated":true}]}}