{"id":2427,"date":"2022-04-26T15:11:56","date_gmt":"2022-04-26T15:11:56","guid":{"rendered":"http:\/\/alias-animation.fr\/?post_type=product&#038;p=2427"},"modified":"2022-04-26T15:13:58","modified_gmt":"2022-04-26T15:13:58","slug":"parachute","status":"publish","type":"product","link":"https:\/\/alias-animation.fr\/?product=parachute","title":{"rendered":"Parachute"},"content":{"rendered":"","protected":false},"excerpt":{"rendered":"<p style=\"text-align: left;\"><span style=\"color: #ff0000;\"><strong>Le prix sera indiqu\u00e9 dans notre devis<br \/>\n<\/strong><\/span><\/p>\n<div class=\"page\" title=\"Page 89\">\n<div class=\"layoutArea\">\n<div class=\"column\">\n<p>La toile de 4m de diam\u00e8tre propose plusieurs niveaux de cibles concentriques<br \/>\nsur 12 zones color\u00e9es permettant de proposer diff\u00e9rentes r\u00e8gles de jeu.<\/p>\n<p>Gr\u00e2ce \u00e0 ces 12 poign\u00e9es, on peut s\u2019amuser \u00e0 autant de joueurs,<br \/>\njusqu\u2019\u00e0 4 \u00e9quipes de 3.<br \/>\nChaque joueur se voit porposer 2 niveaux de difficult\u00e9s<br \/>\navec des niveaux de points diff\u00e9rents.<\/p>\n<\/div>\n<\/div>\n<\/div>\n<p>Nombre de joueurs : 4 \u00e0 12<\/p>\n","protected":false},"featured_media":2426,"template":"","meta":{"_et_pb_use_builder":"","_et_pb_old_content":"","_et_gb_content_width":"","_uag_custom_page_level_css":""},"product_brand":[],"product_cat":[28],"product_tag":[],"class_list":{"0":"post-2427","1":"product","2":"type-product","3":"status-publish","4":"has-post-thumbnail","6":"product_cat-jeux-xxl","8":"first","9":"instock","10":"shipping-taxable","11":"purchasable","12":"product-type-simple"},"aioseo_notices":[],"uagb_featured_image_src":{"full":["https:\/\/alias-animation.fr\/wp-content\/uploads\/2022\/04\/parachute.jpg",1851,1851,false],"thumbnail":["https:\/\/alias-animation.fr\/wp-content\/uploads\/2022\/04\/parachute-150x150.jpg",150,150,true],"medium":["https:\/\/alias-animation.fr\/wp-content\/uploads\/2022\/04\/parachute-300x300.jpg",300,300,true],"medium_large":["https:\/\/alias-animation.fr\/wp-content\/uploads\/2022\/04\/parachute-768x768.jpg",768,768,true],"large":["https:\/\/alias-animation.fr\/wp-content\/uploads\/2022\/04\/parachute-1024x1024.jpg",1024,1024,true],"1536x1536":["https:\/\/alias-animation.fr\/wp-content\/uploads\/2022\/04\/parachute-1536x1536.jpg",1536,1536,true],"2048x2048":["https:\/\/alias-animation.fr\/wp-content\/uploads\/2022\/04\/parachute.jpg",1851,1851,false],"et-pb-post-main-image":["https:\/\/alias-animation.fr\/wp-content\/uploads\/2022\/04\/parachute.jpg",250,250,false],"et-pb-post-main-image-fullwidth":["https:\/\/alias-animation.fr\/wp-content\/uploads\/2022\/04\/parachute.jpg",675,675,false],"et-pb-portfolio-image":["https:\/\/alias-animation.fr\/wp-content\/uploads\/2022\/04\/parachute.jpg",284,284,false],"et-pb-portfolio-module-image":["https:\/\/alias-animation.fr\/wp-content\/uploads\/2022\/04\/parachute.jpg",382,382,false],"et-pb-portfolio-image-single":["https:\/\/alias-animation.fr\/wp-content\/uploads\/2022\/04\/parachute.jpg",1080,1080,false],"et-pb-gallery-module-image-portrait":["https:\/\/alias-animation.fr\/wp-content\/uploads\/2022\/04\/parachute.jpg",400,400,false],"et-pb-post-main-image-fullwidth-large":["https:\/\/alias-animation.fr\/wp-content\/uploads\/2022\/04\/parachute.jpg",1800,1800,false],"et-pb-image--responsive--desktop":["https:\/\/alias-animation.fr\/wp-content\/uploads\/2022\/04\/parachute.jpg",720,720,false],"et-pb-image--responsive--tablet":["https:\/\/alias-animation.fr\/wp-content\/uploads\/2022\/04\/parachute.jpg",551,551,false],"et-pb-image--responsive--phone":["https:\/\/alias-animation.fr\/wp-content\/uploads\/2022\/04\/parachute.jpg",270,270,false],"woocommerce_thumbnail":["https:\/\/alias-animation.fr\/wp-content\/uploads\/2022\/04\/parachute-300x300.jpg",300,300,true],"woocommerce_single":["https:\/\/alias-animation.fr\/wp-content\/uploads\/2022\/04\/parachute-600x600.jpg",600,600,true],"woocommerce_gallery_thumbnail":["https:\/\/alias-animation.fr\/wp-content\/uploads\/2022\/04\/parachute-100x100.jpg",100,100,true]},"uagb_author_info":{"display_name":"Laetitia Bizet","author_link":"https:\/\/alias-animation.fr\/?author=0"},"uagb_comment_info":0,"uagb_excerpt":"Le prix sera indiqu\u00e9 dans notre devis La toile de 4m de diam\u00e8tre propose plusieurs niveaux de cibles concentriques sur 12 zones color\u00e9es permettant de proposer diff\u00e9rentes r\u00e8gles de jeu. Gr\u00e2ce \u00e0 ces 12 poign\u00e9es, on peut s\u2019amuser \u00e0 autant de joueurs, jusqu\u2019\u00e0 4 \u00e9quipes de 3. Chaque joueur se voit porposer 2 niveaux de\u2026","jetpack_sharing_enabled":true,"_links":{"self":[{"href":"https:\/\/alias-animation.fr\/index.php?rest_route=\/wp\/v2\/product\/2427","targetHints":{"allow":["GET"]}}],"collection":[{"href":"https:\/\/alias-animation.fr\/index.php?rest_route=\/wp\/v2\/product"}],"about":[{"href":"https:\/\/alias-animation.fr\/index.php?rest_route=\/wp\/v2\/types\/product"}],"version-history":[{"count":2,"href":"https:\/\/alias-animation.fr\/index.php?rest_route=\/wp\/v2\/product\/2427\/revisions"}],"predecessor-version":[{"id":2429,"href":"https:\/\/alias-animation.fr\/index.php?rest_route=\/wp\/v2\/product\/2427\/revisions\/2429"}],"wp:featuredmedia":[{"embeddable":true,"href":"https:\/\/alias-animation.fr\/index.php?rest_route=\/wp\/v2\/media\/2426"}],"wp:attachment":[{"href":"https:\/\/alias-animation.fr\/index.php?rest_route=%2Fwp%2Fv2%2Fmedia&parent=2427"}],"wp:term":[{"taxonomy":"product_brand","embeddable":true,"href":"https:\/\/alias-animation.fr\/index.php?rest_route=%2Fwp%2Fv2%2Fproduct_brand&post=2427"},{"taxonomy":"product_cat","embeddable":true,"href":"https:\/\/alias-animation.fr\/index.php?rest_route=%2Fwp%2Fv2%2Fproduct_cat&post=2427"},{"taxonomy":"product_tag","embeddable":true,"href":"https:\/\/alias-animation.fr\/index.php?rest_route=%2Fwp%2Fv2%2Fproduct_tag&post=2427"}],"curies":[{"name":"wp","href":"https:\/\/api.w.org\/{rel}","templated":true}]}}