{"id":2419,"date":"2022-04-26T14:08:23","date_gmt":"2022-04-26T14:08:23","guid":{"rendered":"http:\/\/alias-animation.fr\/?post_type=product&#038;p=2419"},"modified":"2022-05-14T10:22:13","modified_gmt":"2022-05-14T10:22:13","slug":"tir-a-larc","status":"publish","type":"product","link":"https:\/\/alias-animation.fr\/?product=tir-a-larc","title":{"rendered":"Tir \u00e0 l&rsquo;Arc"},"content":{"rendered":"","protected":false},"excerpt":{"rendered":"<p style=\"text-align: left;\"><span style=\"color: #ff0000;\"><strong>Le prix sera indiqu\u00e9 dans notre devis<br \/>\n<\/strong><\/span>D\u00e9couvrez le tir \u00e0 l\u2019arc en toute s\u00e9curit\u00e9.<\/p>\n<div class=\"page\" title=\"Page 93\">\n<div class=\"layoutArea\">\n<div class=\"column\">\n<p>Installation facile de la cible auto port\u00e9e.<br \/>\nLes fl\u00e8ches ventouses se placent facilement dans la zone vide au centre de l\u2019arc pour un meilleur maintien.<\/p>\n<p>Le joueur se positionne entre 5 et 10 m\u00e8tres<\/p>\n<p>Convient aux droitiers et aux gauchers.<br \/>\nA partir de 8 ans.<\/p>\n<\/div>\n<\/div>\n<\/div>\n","protected":false},"featured_media":2669,"template":"","meta":{"_et_pb_use_builder":"","_et_pb_old_content":"","_et_gb_content_width":"","_uag_custom_page_level_css":""},"product_brand":[],"product_cat":[28],"product_tag":[],"class_list":{"0":"post-2419","1":"product","2":"type-product","3":"status-publish","4":"has-post-thumbnail","6":"product_cat-jeux-xxl","8":"first","9":"instock","10":"shipping-taxable","11":"purchasable","12":"product-type-simple"},"aioseo_notices":[],"uagb_featured_image_src":{"full":["https:\/\/alias-animation.fr\/wp-content\/uploads\/2022\/04\/tir-a-larc-x3-min-min-600x453-1.jpg",600,600,false],"thumbnail":["https:\/\/alias-animation.fr\/wp-content\/uploads\/2022\/04\/tir-a-larc-x3-min-min-600x453-1-150x150.jpg",150,150,true],"medium":["https:\/\/alias-animation.fr\/wp-content\/uploads\/2022\/04\/tir-a-larc-x3-min-min-600x453-1-300x300.jpg",300,300,true],"medium_large":["https:\/\/alias-animation.fr\/wp-content\/uploads\/2022\/04\/tir-a-larc-x3-min-min-600x453-1.jpg",600,600,false],"large":["https:\/\/alias-animation.fr\/wp-content\/uploads\/2022\/04\/tir-a-larc-x3-min-min-600x453-1.jpg",600,600,false],"1536x1536":["https:\/\/alias-animation.fr\/wp-content\/uploads\/2022\/04\/tir-a-larc-x3-min-min-600x453-1.jpg",600,600,false],"2048x2048":["https:\/\/alias-animation.fr\/wp-content\/uploads\/2022\/04\/tir-a-larc-x3-min-min-600x453-1.jpg",600,600,false],"et-pb-post-main-image":["https:\/\/alias-animation.fr\/wp-content\/uploads\/2022\/04\/tir-a-larc-x3-min-min-600x453-1.jpg",250,250,false],"et-pb-post-main-image-fullwidth":["https:\/\/alias-animation.fr\/wp-content\/uploads\/2022\/04\/tir-a-larc-x3-min-min-600x453-1.jpg",600,600,false],"et-pb-portfolio-image":["https:\/\/alias-animation.fr\/wp-content\/uploads\/2022\/04\/tir-a-larc-x3-min-min-600x453-1.jpg",284,284,false],"et-pb-portfolio-module-image":["https:\/\/alias-animation.fr\/wp-content\/uploads\/2022\/04\/tir-a-larc-x3-min-min-600x453-1.jpg",382,382,false],"et-pb-portfolio-image-single":["https:\/\/alias-animation.fr\/wp-content\/uploads\/2022\/04\/tir-a-larc-x3-min-min-600x453-1.jpg",600,600,false],"et-pb-gallery-module-image-portrait":["https:\/\/alias-animation.fr\/wp-content\/uploads\/2022\/04\/tir-a-larc-x3-min-min-600x453-1.jpg",400,400,false],"et-pb-post-main-image-fullwidth-large":["https:\/\/alias-animation.fr\/wp-content\/uploads\/2022\/04\/tir-a-larc-x3-min-min-600x453-1.jpg",600,600,false],"et-pb-image--responsive--desktop":["https:\/\/alias-animation.fr\/wp-content\/uploads\/2022\/04\/tir-a-larc-x3-min-min-600x453-1.jpg",600,600,false],"et-pb-image--responsive--tablet":["https:\/\/alias-animation.fr\/wp-content\/uploads\/2022\/04\/tir-a-larc-x3-min-min-600x453-1.jpg",551,551,false],"et-pb-image--responsive--phone":["https:\/\/alias-animation.fr\/wp-content\/uploads\/2022\/04\/tir-a-larc-x3-min-min-600x453-1.jpg",270,270,false],"woocommerce_thumbnail":["https:\/\/alias-animation.fr\/wp-content\/uploads\/2022\/04\/tir-a-larc-x3-min-min-600x453-1-300x300.jpg",300,300,true],"woocommerce_single":["https:\/\/alias-animation.fr\/wp-content\/uploads\/2022\/04\/tir-a-larc-x3-min-min-600x453-1.jpg",600,600,false],"woocommerce_gallery_thumbnail":["https:\/\/alias-animation.fr\/wp-content\/uploads\/2022\/04\/tir-a-larc-x3-min-min-600x453-1-100x100.jpg",100,100,true]},"uagb_author_info":{"display_name":"Laetitia Bizet","author_link":"https:\/\/alias-animation.fr\/?author=0"},"uagb_comment_info":0,"uagb_excerpt":"Le prix sera indiqu\u00e9 dans notre devis D\u00e9couvrez le tir \u00e0 l\u2019arc en toute s\u00e9curit\u00e9. Installation facile de la cible auto port\u00e9e. Les fl\u00e8ches ventouses se placent facilement dans la zone vide au centre de l\u2019arc pour un meilleur maintien. Le joueur se positionne entre 5 et 10 m\u00e8tres Convient aux droitiers et aux gauchers.\u2026","jetpack_sharing_enabled":true,"_links":{"self":[{"href":"https:\/\/alias-animation.fr\/index.php?rest_route=\/wp\/v2\/product\/2419","targetHints":{"allow":["GET"]}}],"collection":[{"href":"https:\/\/alias-animation.fr\/index.php?rest_route=\/wp\/v2\/product"}],"about":[{"href":"https:\/\/alias-animation.fr\/index.php?rest_route=\/wp\/v2\/types\/product"}],"version-history":[{"count":1,"href":"https:\/\/alias-animation.fr\/index.php?rest_route=\/wp\/v2\/product\/2419\/revisions"}],"predecessor-version":[{"id":2420,"href":"https:\/\/alias-animation.fr\/index.php?rest_route=\/wp\/v2\/product\/2419\/revisions\/2420"}],"wp:featuredmedia":[{"embeddable":true,"href":"https:\/\/alias-animation.fr\/index.php?rest_route=\/wp\/v2\/media\/2669"}],"wp:attachment":[{"href":"https:\/\/alias-animation.fr\/index.php?rest_route=%2Fwp%2Fv2%2Fmedia&parent=2419"}],"wp:term":[{"taxonomy":"product_brand","embeddable":true,"href":"https:\/\/alias-animation.fr\/index.php?rest_route=%2Fwp%2Fv2%2Fproduct_brand&post=2419"},{"taxonomy":"product_cat","embeddable":true,"href":"https:\/\/alias-animation.fr\/index.php?rest_route=%2Fwp%2Fv2%2Fproduct_cat&post=2419"},{"taxonomy":"product_tag","embeddable":true,"href":"https:\/\/alias-animation.fr\/index.php?rest_route=%2Fwp%2Fv2%2Fproduct_tag&post=2419"}],"curies":[{"name":"wp","href":"https:\/\/api.w.org\/{rel}","templated":true}]}}