{"id":2413,"date":"2022-04-26T13:55:16","date_gmt":"2022-04-26T13:55:16","guid":{"rendered":"http:\/\/alias-animation.fr\/?post_type=product&#038;p=2413"},"modified":"2022-04-26T13:58:43","modified_gmt":"2022-04-26T13:58:43","slug":"cage-a-elastiques","status":"publish","type":"product","link":"https:\/\/alias-animation.fr\/?product=cage-a-elastiques","title":{"rendered":"Cage \u00e0 Elastiques"},"content":{"rendered":"","protected":false},"excerpt":{"rendered":"<p style=\"text-align: left;\"><span style=\"color: #ff0000;\"><strong>Le prix sera indiqu\u00e9 dans notre devis<br \/>\n<\/strong><\/span>Le but du jeu est de traverser la cage \u00e0 \u00e9lastique, dans le sens de la longueur, sans faire retentir les clochettes.<br \/>\nOn peut y jouer par \u00e9quipe ou en individuel.<\/p>\n<div class=\"page\" title=\"Page 86\">\n<div class=\"layoutArea\">\n<div class=\"column\">\n<p>Chaque joueur se glisse \u00e0 l&rsquo;int\u00e9rieur tout en \u00e9vitant d\u2019accrocher les \u00e9lastiques.<br \/>\nLe tintement des clochettes oblige le joueur \u00e0 sortir de la cage.<\/p>\n<\/div>\n<\/div>\n<\/div>\n<p>Nombre de joueurs : 1<\/p>\n","protected":false},"featured_media":1749,"template":"","meta":{"_et_pb_use_builder":"","_et_pb_old_content":"","_et_gb_content_width":"","_uag_custom_page_level_css":""},"product_brand":[],"product_cat":[28],"product_tag":[],"class_list":{"0":"post-2413","1":"product","2":"type-product","3":"status-publish","4":"has-post-thumbnail","6":"product_cat-jeux-xxl","8":"first","9":"instock","10":"shipping-taxable","11":"purchasable","12":"product-type-simple"},"aioseo_notices":[],"uagb_featured_image_src":{"full":["https:\/\/alias-animation.fr\/wp-content\/uploads\/2022\/04\/Accueil-Cage-a-elastiques-min.jpg",800,600,false],"thumbnail":["https:\/\/alias-animation.fr\/wp-content\/uploads\/2022\/04\/Accueil-Cage-a-elastiques-min-150x150.jpg",150,150,true],"medium":["https:\/\/alias-animation.fr\/wp-content\/uploads\/2022\/04\/Accueil-Cage-a-elastiques-min-300x225.jpg",300,225,true],"medium_large":["https:\/\/alias-animation.fr\/wp-content\/uploads\/2022\/04\/Accueil-Cage-a-elastiques-min-768x576.jpg",768,576,true],"large":["https:\/\/alias-animation.fr\/wp-content\/uploads\/2022\/04\/Accueil-Cage-a-elastiques-min.jpg",800,600,false],"1536x1536":["https:\/\/alias-animation.fr\/wp-content\/uploads\/2022\/04\/Accueil-Cage-a-elastiques-min.jpg",800,600,false],"2048x2048":["https:\/\/alias-animation.fr\/wp-content\/uploads\/2022\/04\/Accueil-Cage-a-elastiques-min.jpg",800,600,false],"et-pb-post-main-image":["https:\/\/alias-animation.fr\/wp-content\/uploads\/2022\/04\/Accueil-Cage-a-elastiques-min.jpg",333,250,false],"et-pb-post-main-image-fullwidth":["https:\/\/alias-animation.fr\/wp-content\/uploads\/2022\/04\/Accueil-Cage-a-elastiques-min.jpg",800,600,false],"et-pb-portfolio-image":["https:\/\/alias-animation.fr\/wp-content\/uploads\/2022\/04\/Accueil-Cage-a-elastiques-min.jpg",379,284,false],"et-pb-portfolio-module-image":["https:\/\/alias-animation.fr\/wp-content\/uploads\/2022\/04\/Accueil-Cage-a-elastiques-min.jpg",510,382,false],"et-pb-portfolio-image-single":["https:\/\/alias-animation.fr\/wp-content\/uploads\/2022\/04\/Accueil-Cage-a-elastiques-min.jpg",800,600,false],"et-pb-gallery-module-image-portrait":["https:\/\/alias-animation.fr\/wp-content\/uploads\/2022\/04\/Accueil-Cage-a-elastiques-min.jpg",400,300,false],"et-pb-post-main-image-fullwidth-large":["https:\/\/alias-animation.fr\/wp-content\/uploads\/2022\/04\/Accueil-Cage-a-elastiques-min.jpg",800,600,false],"et-pb-image--responsive--desktop":["https:\/\/alias-animation.fr\/wp-content\/uploads\/2022\/04\/Accueil-Cage-a-elastiques-min.jpg",800,600,false],"et-pb-image--responsive--tablet":["https:\/\/alias-animation.fr\/wp-content\/uploads\/2022\/04\/Accueil-Cage-a-elastiques-min.jpg",735,551,false],"et-pb-image--responsive--phone":["https:\/\/alias-animation.fr\/wp-content\/uploads\/2022\/04\/Accueil-Cage-a-elastiques-min.jpg",360,270,false],"woocommerce_thumbnail":["https:\/\/alias-animation.fr\/wp-content\/uploads\/2022\/04\/Accueil-Cage-a-elastiques-min-300x300.jpg",300,300,true],"woocommerce_single":["https:\/\/alias-animation.fr\/wp-content\/uploads\/2022\/04\/Accueil-Cage-a-elastiques-min-600x450.jpg",600,450,true],"woocommerce_gallery_thumbnail":["https:\/\/alias-animation.fr\/wp-content\/uploads\/2022\/04\/Accueil-Cage-a-elastiques-min-100x100.jpg",100,100,true]},"uagb_author_info":{"display_name":"Laetitia Bizet","author_link":"https:\/\/alias-animation.fr\/?author=0"},"uagb_comment_info":0,"uagb_excerpt":"Le prix sera indiqu\u00e9 dans notre devis Le but du jeu est de traverser la cage \u00e0 \u00e9lastique, dans le sens de la longueur, sans faire retentir les clochettes. On peut y jouer par \u00e9quipe ou en individuel. Chaque joueur se glisse \u00e0 l'int\u00e9rieur tout en \u00e9vitant d\u2019accrocher les \u00e9lastiques. Le tintement des clochettes oblige\u2026","jetpack_sharing_enabled":true,"_links":{"self":[{"href":"https:\/\/alias-animation.fr\/index.php?rest_route=\/wp\/v2\/product\/2413","targetHints":{"allow":["GET"]}}],"collection":[{"href":"https:\/\/alias-animation.fr\/index.php?rest_route=\/wp\/v2\/product"}],"about":[{"href":"https:\/\/alias-animation.fr\/index.php?rest_route=\/wp\/v2\/types\/product"}],"version-history":[{"count":1,"href":"https:\/\/alias-animation.fr\/index.php?rest_route=\/wp\/v2\/product\/2413\/revisions"}],"predecessor-version":[{"id":2414,"href":"https:\/\/alias-animation.fr\/index.php?rest_route=\/wp\/v2\/product\/2413\/revisions\/2414"}],"wp:featuredmedia":[{"embeddable":true,"href":"https:\/\/alias-animation.fr\/index.php?rest_route=\/wp\/v2\/media\/1749"}],"wp:attachment":[{"href":"https:\/\/alias-animation.fr\/index.php?rest_route=%2Fwp%2Fv2%2Fmedia&parent=2413"}],"wp:term":[{"taxonomy":"product_brand","embeddable":true,"href":"https:\/\/alias-animation.fr\/index.php?rest_route=%2Fwp%2Fv2%2Fproduct_brand&post=2413"},{"taxonomy":"product_cat","embeddable":true,"href":"https:\/\/alias-animation.fr\/index.php?rest_route=%2Fwp%2Fv2%2Fproduct_cat&post=2413"},{"taxonomy":"product_tag","embeddable":true,"href":"https:\/\/alias-animation.fr\/index.php?rest_route=%2Fwp%2Fv2%2Fproduct_tag&post=2413"}],"curies":[{"name":"wp","href":"https:\/\/api.w.org\/{rel}","templated":true}]}}