{"id":2401,"date":"2022-04-26T13:13:04","date_gmt":"2022-04-26T13:13:04","guid":{"rendered":"http:\/\/alias-animation.fr\/?post_type=product&#038;p=2401"},"modified":"2022-05-14T10:23:37","modified_gmt":"2022-05-14T10:23:37","slug":"tir-sur-cible","status":"publish","type":"product","link":"https:\/\/alias-animation.fr\/?product=tir-sur-cible","title":{"rendered":"Tir sur Cible"},"content":{"rendered":"","protected":false},"excerpt":{"rendered":"<p style=\"text-align: left;\"><span style=\"color: #ff0000;\"><strong>Le prix sera indiqu\u00e9 dans notre devis<br \/>\n<\/strong><\/span>Placer vos doigts sur le palet, tirer l&rsquo;\u00e9lastique en arri\u00e8re et essayer d&rsquo;atteindre le centre de la cible pour marquer le plus de points possible.<br \/>\nLes joueurs lancent leurs palets \u00e0 tour de r\u00f4les.<\/p>\n<p>Tous les coup son permis : tirs directs ou par bandes (\u00e0 l&rsquo;aide des c\u00f4t\u00e9s du jeu).<br \/>\nVous pouvez pousser vos pions ou percuter ceux de votre adversaire.<\/p>\n<p>Si un de vos pions revient derri\u00e8res votre ligne vous pouvez le rejouer, si c&rsquo;est un pion adverse qui arrive derri\u00e8re votre ligne celui-ci est perdu.<\/p>\n<p>Le gagnant est celui qui marque le plus de points.<\/p>\n<p>Nombre de joueurs : 2<\/p>\n","protected":false},"featured_media":2670,"template":"","meta":{"_et_pb_use_builder":"","_et_pb_old_content":"","_et_gb_content_width":"","_uag_custom_page_level_css":""},"product_brand":[],"product_cat":[19],"product_tag":[],"class_list":{"0":"post-2401","1":"product","2":"type-product","3":"status-publish","4":"has-post-thumbnail","6":"product_cat-jeux-geants","8":"first","9":"instock","10":"shipping-taxable","11":"purchasable","12":"product-type-simple"},"aioseo_notices":[],"uagb_featured_image_src":{"full":["https:\/\/alias-animation.fr\/wp-content\/uploads\/2022\/04\/tir-sur-cible-600x450-1.jpg",600,600,false],"thumbnail":["https:\/\/alias-animation.fr\/wp-content\/uploads\/2022\/04\/tir-sur-cible-600x450-1-150x150.jpg",150,150,true],"medium":["https:\/\/alias-animation.fr\/wp-content\/uploads\/2022\/04\/tir-sur-cible-600x450-1-300x300.jpg",300,300,true],"medium_large":["https:\/\/alias-animation.fr\/wp-content\/uploads\/2022\/04\/tir-sur-cible-600x450-1.jpg",600,600,false],"large":["https:\/\/alias-animation.fr\/wp-content\/uploads\/2022\/04\/tir-sur-cible-600x450-1.jpg",600,600,false],"1536x1536":["https:\/\/alias-animation.fr\/wp-content\/uploads\/2022\/04\/tir-sur-cible-600x450-1.jpg",600,600,false],"2048x2048":["https:\/\/alias-animation.fr\/wp-content\/uploads\/2022\/04\/tir-sur-cible-600x450-1.jpg",600,600,false],"et-pb-post-main-image":["https:\/\/alias-animation.fr\/wp-content\/uploads\/2022\/04\/tir-sur-cible-600x450-1.jpg",250,250,false],"et-pb-post-main-image-fullwidth":["https:\/\/alias-animation.fr\/wp-content\/uploads\/2022\/04\/tir-sur-cible-600x450-1.jpg",600,600,false],"et-pb-portfolio-image":["https:\/\/alias-animation.fr\/wp-content\/uploads\/2022\/04\/tir-sur-cible-600x450-1.jpg",284,284,false],"et-pb-portfolio-module-image":["https:\/\/alias-animation.fr\/wp-content\/uploads\/2022\/04\/tir-sur-cible-600x450-1.jpg",382,382,false],"et-pb-portfolio-image-single":["https:\/\/alias-animation.fr\/wp-content\/uploads\/2022\/04\/tir-sur-cible-600x450-1.jpg",600,600,false],"et-pb-gallery-module-image-portrait":["https:\/\/alias-animation.fr\/wp-content\/uploads\/2022\/04\/tir-sur-cible-600x450-1.jpg",400,400,false],"et-pb-post-main-image-fullwidth-large":["https:\/\/alias-animation.fr\/wp-content\/uploads\/2022\/04\/tir-sur-cible-600x450-1.jpg",600,600,false],"et-pb-image--responsive--desktop":["https:\/\/alias-animation.fr\/wp-content\/uploads\/2022\/04\/tir-sur-cible-600x450-1.jpg",600,600,false],"et-pb-image--responsive--tablet":["https:\/\/alias-animation.fr\/wp-content\/uploads\/2022\/04\/tir-sur-cible-600x450-1.jpg",551,551,false],"et-pb-image--responsive--phone":["https:\/\/alias-animation.fr\/wp-content\/uploads\/2022\/04\/tir-sur-cible-600x450-1.jpg",270,270,false],"woocommerce_thumbnail":["https:\/\/alias-animation.fr\/wp-content\/uploads\/2022\/04\/tir-sur-cible-600x450-1-300x300.jpg",300,300,true],"woocommerce_single":["https:\/\/alias-animation.fr\/wp-content\/uploads\/2022\/04\/tir-sur-cible-600x450-1.jpg",600,600,false],"woocommerce_gallery_thumbnail":["https:\/\/alias-animation.fr\/wp-content\/uploads\/2022\/04\/tir-sur-cible-600x450-1-100x100.jpg",100,100,true]},"uagb_author_info":{"display_name":"Laetitia Bizet","author_link":"https:\/\/alias-animation.fr\/?author=0"},"uagb_comment_info":0,"uagb_excerpt":"Le prix sera indiqu\u00e9 dans notre devis Placer vos doigts sur le palet, tirer l'\u00e9lastique en arri\u00e8re et essayer d'atteindre le centre de la cible pour marquer le plus de points possible. Les joueurs lancent leurs palets \u00e0 tour de r\u00f4les. Tous les coup son permis : tirs directs ou par bandes (\u00e0 l'aide des\u2026","jetpack_sharing_enabled":true,"_links":{"self":[{"href":"https:\/\/alias-animation.fr\/index.php?rest_route=\/wp\/v2\/product\/2401","targetHints":{"allow":["GET"]}}],"collection":[{"href":"https:\/\/alias-animation.fr\/index.php?rest_route=\/wp\/v2\/product"}],"about":[{"href":"https:\/\/alias-animation.fr\/index.php?rest_route=\/wp\/v2\/types\/product"}],"version-history":[{"count":2,"href":"https:\/\/alias-animation.fr\/index.php?rest_route=\/wp\/v2\/product\/2401\/revisions"}],"predecessor-version":[{"id":2403,"href":"https:\/\/alias-animation.fr\/index.php?rest_route=\/wp\/v2\/product\/2401\/revisions\/2403"}],"wp:featuredmedia":[{"embeddable":true,"href":"https:\/\/alias-animation.fr\/index.php?rest_route=\/wp\/v2\/media\/2670"}],"wp:attachment":[{"href":"https:\/\/alias-animation.fr\/index.php?rest_route=%2Fwp%2Fv2%2Fmedia&parent=2401"}],"wp:term":[{"taxonomy":"product_brand","embeddable":true,"href":"https:\/\/alias-animation.fr\/index.php?rest_route=%2Fwp%2Fv2%2Fproduct_brand&post=2401"},{"taxonomy":"product_cat","embeddable":true,"href":"https:\/\/alias-animation.fr\/index.php?rest_route=%2Fwp%2Fv2%2Fproduct_cat&post=2401"},{"taxonomy":"product_tag","embeddable":true,"href":"https:\/\/alias-animation.fr\/index.php?rest_route=%2Fwp%2Fv2%2Fproduct_tag&post=2401"}],"curies":[{"name":"wp","href":"https:\/\/api.w.org\/{rel}","templated":true}]}}