{"id":2397,"date":"2022-04-26T13:04:41","date_gmt":"2022-04-26T13:04:41","guid":{"rendered":"http:\/\/alias-animation.fr\/?post_type=product&#038;p=2397"},"modified":"2022-05-14T10:11:15","modified_gmt":"2022-05-14T10:11:15","slug":"table-a-elastiques-4-joueurs","status":"publish","type":"product","link":"https:\/\/alias-animation.fr\/?product=table-a-elastiques-4-joueurs","title":{"rendered":"Table \u00e0 Elastiques 4 joueurs"},"content":{"rendered":"","protected":false},"excerpt":{"rendered":"<p style=\"text-align: left;\"><span style=\"color: #ff0000;\"><strong>Le prix sera indiqu\u00e9 dans notre devis<br \/>\n<\/strong><\/span>Chaque \u00e9quipe de 2 joueurs se place d&rsquo;un c\u00f4t\u00e9 du jeu (c\u00f4t\u00e9 \u00e9lastique) et pose 10 palets dans son camp.<\/p>\n<p>Au top d\u00e9part, chaque \u00e9quipe tente de faire passer le plus rapidement possible tous les palets situ\u00e9s dans son camp vers le camp adverse, en les propulsant avec l&rsquo;\u00e9lastique.<br \/>\n(Placer vos doigts sur le palet, tirer l&rsquo;\u00e9lastique en arri\u00e8re et l\u00e2cher).<\/p>\n<p>Il n&rsquo;y a pas de tour de jeu, les joueurs lancent leurs palets en m\u00eame temps le plus vite possible.<br \/>\nTous les palets doivent \u00eatre lanc\u00e9s avec l&rsquo;\u00e9lastique.<\/p>\n<p>L&rsquo;\u00e9quipe gagnante est celle qui parvient \u00e0 vider son camp de tous les palets.<\/p>\n<p>Nombre de joueurs : 2<\/p>\n","protected":false},"featured_media":2664,"template":"","meta":{"_et_pb_use_builder":"","_et_pb_old_content":"","_et_gb_content_width":"","_uag_custom_page_level_css":""},"product_brand":[],"product_cat":[19],"product_tag":[],"class_list":{"0":"post-2397","1":"product","2":"type-product","3":"status-publish","4":"has-post-thumbnail","6":"product_cat-jeux-geants","8":"first","9":"instock","10":"shipping-taxable","11":"purchasable","12":"product-type-simple"},"aioseo_notices":[],"uagb_featured_image_src":{"full":["https:\/\/alias-animation.fr\/wp-content\/uploads\/2022\/04\/table-a-elastique-4j-1.jpg",600,600,false],"thumbnail":["https:\/\/alias-animation.fr\/wp-content\/uploads\/2022\/04\/table-a-elastique-4j-1-150x150.jpg",150,150,true],"medium":["https:\/\/alias-animation.fr\/wp-content\/uploads\/2022\/04\/table-a-elastique-4j-1-300x300.jpg",300,300,true],"medium_large":["https:\/\/alias-animation.fr\/wp-content\/uploads\/2022\/04\/table-a-elastique-4j-1.jpg",600,600,false],"large":["https:\/\/alias-animation.fr\/wp-content\/uploads\/2022\/04\/table-a-elastique-4j-1.jpg",600,600,false],"1536x1536":["https:\/\/alias-animation.fr\/wp-content\/uploads\/2022\/04\/table-a-elastique-4j-1.jpg",600,600,false],"2048x2048":["https:\/\/alias-animation.fr\/wp-content\/uploads\/2022\/04\/table-a-elastique-4j-1.jpg",600,600,false],"et-pb-post-main-image":["https:\/\/alias-animation.fr\/wp-content\/uploads\/2022\/04\/table-a-elastique-4j-1.jpg",250,250,false],"et-pb-post-main-image-fullwidth":["https:\/\/alias-animation.fr\/wp-content\/uploads\/2022\/04\/table-a-elastique-4j-1.jpg",600,600,false],"et-pb-portfolio-image":["https:\/\/alias-animation.fr\/wp-content\/uploads\/2022\/04\/table-a-elastique-4j-1.jpg",284,284,false],"et-pb-portfolio-module-image":["https:\/\/alias-animation.fr\/wp-content\/uploads\/2022\/04\/table-a-elastique-4j-1.jpg",382,382,false],"et-pb-portfolio-image-single":["https:\/\/alias-animation.fr\/wp-content\/uploads\/2022\/04\/table-a-elastique-4j-1.jpg",600,600,false],"et-pb-gallery-module-image-portrait":["https:\/\/alias-animation.fr\/wp-content\/uploads\/2022\/04\/table-a-elastique-4j-1.jpg",400,400,false],"et-pb-post-main-image-fullwidth-large":["https:\/\/alias-animation.fr\/wp-content\/uploads\/2022\/04\/table-a-elastique-4j-1.jpg",600,600,false],"et-pb-image--responsive--desktop":["https:\/\/alias-animation.fr\/wp-content\/uploads\/2022\/04\/table-a-elastique-4j-1.jpg",600,600,false],"et-pb-image--responsive--tablet":["https:\/\/alias-animation.fr\/wp-content\/uploads\/2022\/04\/table-a-elastique-4j-1.jpg",551,551,false],"et-pb-image--responsive--phone":["https:\/\/alias-animation.fr\/wp-content\/uploads\/2022\/04\/table-a-elastique-4j-1.jpg",270,270,false],"woocommerce_thumbnail":["https:\/\/alias-animation.fr\/wp-content\/uploads\/2022\/04\/table-a-elastique-4j-1-300x300.jpg",300,300,true],"woocommerce_single":["https:\/\/alias-animation.fr\/wp-content\/uploads\/2022\/04\/table-a-elastique-4j-1.jpg",600,600,false],"woocommerce_gallery_thumbnail":["https:\/\/alias-animation.fr\/wp-content\/uploads\/2022\/04\/table-a-elastique-4j-1-100x100.jpg",100,100,true]},"uagb_author_info":{"display_name":"Laetitia Bizet","author_link":"https:\/\/alias-animation.fr\/?author=0"},"uagb_comment_info":0,"uagb_excerpt":"Le prix sera indiqu\u00e9 dans notre devis Chaque \u00e9quipe de 2 joueurs se place d'un c\u00f4t\u00e9 du jeu (c\u00f4t\u00e9 \u00e9lastique) et pose 10 palets dans son camp. Au top d\u00e9part, chaque \u00e9quipe tente de faire passer le plus rapidement possible tous les palets situ\u00e9s dans son camp vers le camp adverse, en les propulsant avec\u2026","jetpack_sharing_enabled":true,"_links":{"self":[{"href":"https:\/\/alias-animation.fr\/index.php?rest_route=\/wp\/v2\/product\/2397","targetHints":{"allow":["GET"]}}],"collection":[{"href":"https:\/\/alias-animation.fr\/index.php?rest_route=\/wp\/v2\/product"}],"about":[{"href":"https:\/\/alias-animation.fr\/index.php?rest_route=\/wp\/v2\/types\/product"}],"version-history":[{"count":1,"href":"https:\/\/alias-animation.fr\/index.php?rest_route=\/wp\/v2\/product\/2397\/revisions"}],"predecessor-version":[{"id":2398,"href":"https:\/\/alias-animation.fr\/index.php?rest_route=\/wp\/v2\/product\/2397\/revisions\/2398"}],"wp:featuredmedia":[{"embeddable":true,"href":"https:\/\/alias-animation.fr\/index.php?rest_route=\/wp\/v2\/media\/2664"}],"wp:attachment":[{"href":"https:\/\/alias-animation.fr\/index.php?rest_route=%2Fwp%2Fv2%2Fmedia&parent=2397"}],"wp:term":[{"taxonomy":"product_brand","embeddable":true,"href":"https:\/\/alias-animation.fr\/index.php?rest_route=%2Fwp%2Fv2%2Fproduct_brand&post=2397"},{"taxonomy":"product_cat","embeddable":true,"href":"https:\/\/alias-animation.fr\/index.php?rest_route=%2Fwp%2Fv2%2Fproduct_cat&post=2397"},{"taxonomy":"product_tag","embeddable":true,"href":"https:\/\/alias-animation.fr\/index.php?rest_route=%2Fwp%2Fv2%2Fproduct_tag&post=2397"}],"curies":[{"name":"wp","href":"https:\/\/api.w.org\/{rel}","templated":true}]}}