{"id":2383,"date":"2022-04-26T12:47:55","date_gmt":"2022-04-26T12:47:55","guid":{"rendered":"http:\/\/alias-animation.fr\/?post_type=product&#038;p=2383"},"modified":"2022-05-14T10:00:50","modified_gmt":"2022-05-14T10:00:50","slug":"soflo","status":"publish","type":"product","link":"https:\/\/alias-animation.fr\/?product=soflo","title":{"rendered":"Soflo"},"content":{"rendered":"","protected":false},"excerpt":{"rendered":"<p style=\"text-align: left;\"><span style=\"color: #ff0000;\"><strong>Le prix sera indiqu\u00e9 dans notre devis<br \/>\n<\/strong><\/span>Comme \u00e0 la p\u00e9tanque, il faut \u00eatre le plus pr\u00e8s du \u00ab\u00a0cochonnet\u00a0\u00bb, ici le cube.<br \/>\nLe Soflo est le point de d\u00e9part, il faut toujours positionner un pied dessus pour jouer.<\/p>\n<p>Lancer le cube (entre 4 et 8 m\u00e8tres), et lancer ses palets le plus proche du cube. C&rsquo;est au joueur le plus \u00e9loign\u00e9 de jouer.<\/p>\n<p>A la fin de chaque m\u00e8ne, le dernier joueur doit rapporter\u00a0le Soflo. S&rsquo;il l&rsquo;oublie, il a 1 point de p\u00e9nalit\u00e9.<br \/>\nLors de la m\u00e8ne suivante, replacer le Soflo \u00e0 l&#8217;emplacement du cube.<\/p>\n<p>Le premier \u00e0 11 points \u00e0 gagner.<\/p>\n<p>Nombre de joueurs : 2 \u00e0 6<\/p>\n","protected":false},"featured_media":2660,"template":"","meta":{"_et_pb_use_builder":"","_et_pb_old_content":"","_et_gb_content_width":"","_uag_custom_page_level_css":""},"product_brand":[],"product_cat":[19],"product_tag":[],"class_list":{"0":"post-2383","1":"product","2":"type-product","3":"status-publish","4":"has-post-thumbnail","6":"product_cat-jeux-geants","8":"first","9":"instock","10":"shipping-taxable","11":"purchasable","12":"product-type-simple"},"aioseo_notices":[],"uagb_featured_image_src":{"full":["https:\/\/alias-animation.fr\/wp-content\/uploads\/2022\/04\/soflo-1-600x377-1.jpg",600,600,false],"thumbnail":["https:\/\/alias-animation.fr\/wp-content\/uploads\/2022\/04\/soflo-1-600x377-1-150x150.jpg",150,150,true],"medium":["https:\/\/alias-animation.fr\/wp-content\/uploads\/2022\/04\/soflo-1-600x377-1-300x300.jpg",300,300,true],"medium_large":["https:\/\/alias-animation.fr\/wp-content\/uploads\/2022\/04\/soflo-1-600x377-1.jpg",600,600,false],"large":["https:\/\/alias-animation.fr\/wp-content\/uploads\/2022\/04\/soflo-1-600x377-1.jpg",600,600,false],"1536x1536":["https:\/\/alias-animation.fr\/wp-content\/uploads\/2022\/04\/soflo-1-600x377-1.jpg",600,600,false],"2048x2048":["https:\/\/alias-animation.fr\/wp-content\/uploads\/2022\/04\/soflo-1-600x377-1.jpg",600,600,false],"et-pb-post-main-image":["https:\/\/alias-animation.fr\/wp-content\/uploads\/2022\/04\/soflo-1-600x377-1.jpg",250,250,false],"et-pb-post-main-image-fullwidth":["https:\/\/alias-animation.fr\/wp-content\/uploads\/2022\/04\/soflo-1-600x377-1.jpg",600,600,false],"et-pb-portfolio-image":["https:\/\/alias-animation.fr\/wp-content\/uploads\/2022\/04\/soflo-1-600x377-1.jpg",284,284,false],"et-pb-portfolio-module-image":["https:\/\/alias-animation.fr\/wp-content\/uploads\/2022\/04\/soflo-1-600x377-1.jpg",382,382,false],"et-pb-portfolio-image-single":["https:\/\/alias-animation.fr\/wp-content\/uploads\/2022\/04\/soflo-1-600x377-1.jpg",600,600,false],"et-pb-gallery-module-image-portrait":["https:\/\/alias-animation.fr\/wp-content\/uploads\/2022\/04\/soflo-1-600x377-1.jpg",400,400,false],"et-pb-post-main-image-fullwidth-large":["https:\/\/alias-animation.fr\/wp-content\/uploads\/2022\/04\/soflo-1-600x377-1.jpg",600,600,false],"et-pb-image--responsive--desktop":["https:\/\/alias-animation.fr\/wp-content\/uploads\/2022\/04\/soflo-1-600x377-1.jpg",600,600,false],"et-pb-image--responsive--tablet":["https:\/\/alias-animation.fr\/wp-content\/uploads\/2022\/04\/soflo-1-600x377-1.jpg",551,551,false],"et-pb-image--responsive--phone":["https:\/\/alias-animation.fr\/wp-content\/uploads\/2022\/04\/soflo-1-600x377-1.jpg",270,270,false],"woocommerce_thumbnail":["https:\/\/alias-animation.fr\/wp-content\/uploads\/2022\/04\/soflo-1-600x377-1-300x300.jpg",300,300,true],"woocommerce_single":["https:\/\/alias-animation.fr\/wp-content\/uploads\/2022\/04\/soflo-1-600x377-1.jpg",600,600,false],"woocommerce_gallery_thumbnail":["https:\/\/alias-animation.fr\/wp-content\/uploads\/2022\/04\/soflo-1-600x377-1-100x100.jpg",100,100,true]},"uagb_author_info":{"display_name":"Laetitia Bizet","author_link":"https:\/\/alias-animation.fr\/?author=0"},"uagb_comment_info":0,"uagb_excerpt":"Le prix sera indiqu\u00e9 dans notre devis Comme \u00e0 la p\u00e9tanque, il faut \u00eatre le plus pr\u00e8s du \"cochonnet\", ici le cube. Le Soflo est le point de d\u00e9part, il faut toujours positionner un pied dessus pour jouer. Lancer le cube (entre 4 et 8 m\u00e8tres), et lancer ses palets le plus proche du cube.\u2026","jetpack_sharing_enabled":true,"_links":{"self":[{"href":"https:\/\/alias-animation.fr\/index.php?rest_route=\/wp\/v2\/product\/2383","targetHints":{"allow":["GET"]}}],"collection":[{"href":"https:\/\/alias-animation.fr\/index.php?rest_route=\/wp\/v2\/product"}],"about":[{"href":"https:\/\/alias-animation.fr\/index.php?rest_route=\/wp\/v2\/types\/product"}],"version-history":[{"count":1,"href":"https:\/\/alias-animation.fr\/index.php?rest_route=\/wp\/v2\/product\/2383\/revisions"}],"predecessor-version":[{"id":2384,"href":"https:\/\/alias-animation.fr\/index.php?rest_route=\/wp\/v2\/product\/2383\/revisions\/2384"}],"wp:featuredmedia":[{"embeddable":true,"href":"https:\/\/alias-animation.fr\/index.php?rest_route=\/wp\/v2\/media\/2660"}],"wp:attachment":[{"href":"https:\/\/alias-animation.fr\/index.php?rest_route=%2Fwp%2Fv2%2Fmedia&parent=2383"}],"wp:term":[{"taxonomy":"product_brand","embeddable":true,"href":"https:\/\/alias-animation.fr\/index.php?rest_route=%2Fwp%2Fv2%2Fproduct_brand&post=2383"},{"taxonomy":"product_cat","embeddable":true,"href":"https:\/\/alias-animation.fr\/index.php?rest_route=%2Fwp%2Fv2%2Fproduct_cat&post=2383"},{"taxonomy":"product_tag","embeddable":true,"href":"https:\/\/alias-animation.fr\/index.php?rest_route=%2Fwp%2Fv2%2Fproduct_tag&post=2383"}],"curies":[{"name":"wp","href":"https:\/\/api.w.org\/{rel}","templated":true}]}}