{"id":2370,"date":"2022-04-26T12:35:32","date_gmt":"2022-04-26T12:35:32","guid":{"rendered":"http:\/\/alias-animation.fr\/?post_type=product&#038;p=2370"},"modified":"2022-05-14T09:09:40","modified_gmt":"2022-05-14T09:09:40","slug":"roll-up","status":"publish","type":"product","link":"https:\/\/alias-animation.fr\/?product=roll-up","title":{"rendered":"Roll Up"},"content":{"rendered":"","protected":false},"excerpt":{"rendered":"<p style=\"text-align: left;\"><span style=\"color: #ff0000;\"><strong>Le prix sera indiqu\u00e9 dans notre devis<br \/>\n<\/strong><\/span>Disposez le jeu sur une surface plane, qui ne doit pas \u00eatre en pente.<br \/>\nLe but du jeu est de r\u00e9ussir \u00e0 placer adroitement une boule dans chaque trappe (5 boules au total).<\/p>\n<p>Le joueur place une boule sur les rampes flexibles pr\u00e8s de lui et essaye de la d\u00e9poser dans une trappe en \u00e9cartant plus ou moins les tiges.<\/p>\n<p>Il existe plusieurs niveaux de difficult\u00e9 :<br \/>\n&#8211; Niveau 1 : ouverture des trappes vers l&rsquo;avant.<br \/>\n&#8211; Niveau 2 : ouverture des trappes vers l&rsquo;arri\u00e8re.<br \/>\n&#8211; Niveau 3 : ouverture des trappes panach\u00e9es et\u00a0sur les c\u00f4t\u00e9s.<\/p>\n<p>La bille ne doit faire qu&rsquo;un aller.<br \/>\nUne bille l\u00e2ch\u00e9e \u00e0 c\u00f4t\u00e9 d&rsquo;une trappe ne peut pas \u00eatre rejou\u00e9e.<\/p>\n<p>Nombre de joueurs : 1<\/p>\n","protected":false},"featured_media":2655,"template":"","meta":{"_et_pb_use_builder":"","_et_pb_old_content":"","_et_gb_content_width":"","_uag_custom_page_level_css":""},"product_brand":[],"product_cat":[19],"product_tag":[],"class_list":{"0":"post-2370","1":"product","2":"type-product","3":"status-publish","4":"has-post-thumbnail","6":"product_cat-jeux-geants","8":"first","9":"instock","10":"shipping-taxable","11":"purchasable","12":"product-type-simple"},"aioseo_notices":[],"uagb_featured_image_src":{"full":["https:\/\/alias-animation.fr\/wp-content\/uploads\/2022\/04\/Roll-Up-grand-1.jpg",605,605,false],"thumbnail":["https:\/\/alias-animation.fr\/wp-content\/uploads\/2022\/04\/Roll-Up-grand-1-150x150.jpg",150,150,true],"medium":["https:\/\/alias-animation.fr\/wp-content\/uploads\/2022\/04\/Roll-Up-grand-1-300x300.jpg",300,300,true],"medium_large":["https:\/\/alias-animation.fr\/wp-content\/uploads\/2022\/04\/Roll-Up-grand-1.jpg",605,605,false],"large":["https:\/\/alias-animation.fr\/wp-content\/uploads\/2022\/04\/Roll-Up-grand-1.jpg",605,605,false],"1536x1536":["https:\/\/alias-animation.fr\/wp-content\/uploads\/2022\/04\/Roll-Up-grand-1.jpg",605,605,false],"2048x2048":["https:\/\/alias-animation.fr\/wp-content\/uploads\/2022\/04\/Roll-Up-grand-1.jpg",605,605,false],"et-pb-post-main-image":["https:\/\/alias-animation.fr\/wp-content\/uploads\/2022\/04\/Roll-Up-grand-1.jpg",250,250,false],"et-pb-post-main-image-fullwidth":["https:\/\/alias-animation.fr\/wp-content\/uploads\/2022\/04\/Roll-Up-grand-1.jpg",605,605,false],"et-pb-portfolio-image":["https:\/\/alias-animation.fr\/wp-content\/uploads\/2022\/04\/Roll-Up-grand-1.jpg",284,284,false],"et-pb-portfolio-module-image":["https:\/\/alias-animation.fr\/wp-content\/uploads\/2022\/04\/Roll-Up-grand-1.jpg",382,382,false],"et-pb-portfolio-image-single":["https:\/\/alias-animation.fr\/wp-content\/uploads\/2022\/04\/Roll-Up-grand-1.jpg",605,605,false],"et-pb-gallery-module-image-portrait":["https:\/\/alias-animation.fr\/wp-content\/uploads\/2022\/04\/Roll-Up-grand-1.jpg",400,400,false],"et-pb-post-main-image-fullwidth-large":["https:\/\/alias-animation.fr\/wp-content\/uploads\/2022\/04\/Roll-Up-grand-1.jpg",605,605,false],"et-pb-image--responsive--desktop":["https:\/\/alias-animation.fr\/wp-content\/uploads\/2022\/04\/Roll-Up-grand-1.jpg",605,605,false],"et-pb-image--responsive--tablet":["https:\/\/alias-animation.fr\/wp-content\/uploads\/2022\/04\/Roll-Up-grand-1.jpg",551,551,false],"et-pb-image--responsive--phone":["https:\/\/alias-animation.fr\/wp-content\/uploads\/2022\/04\/Roll-Up-grand-1.jpg",270,270,false],"woocommerce_thumbnail":["https:\/\/alias-animation.fr\/wp-content\/uploads\/2022\/04\/Roll-Up-grand-1-300x300.jpg",300,300,true],"woocommerce_single":["https:\/\/alias-animation.fr\/wp-content\/uploads\/2022\/04\/Roll-Up-grand-1-600x600.jpg",600,600,true],"woocommerce_gallery_thumbnail":["https:\/\/alias-animation.fr\/wp-content\/uploads\/2022\/04\/Roll-Up-grand-1-100x100.jpg",100,100,true]},"uagb_author_info":{"display_name":"Laetitia Bizet","author_link":"https:\/\/alias-animation.fr\/?author=0"},"uagb_comment_info":0,"uagb_excerpt":"Le prix sera indiqu\u00e9 dans notre devis Disposez le jeu sur une surface plane, qui ne doit pas \u00eatre en pente. Le but du jeu est de r\u00e9ussir \u00e0 placer adroitement une boule dans chaque trappe (5 boules au total). Le joueur place une boule sur les rampes flexibles pr\u00e8s de lui et essaye de\u2026","jetpack_sharing_enabled":true,"_links":{"self":[{"href":"https:\/\/alias-animation.fr\/index.php?rest_route=\/wp\/v2\/product\/2370","targetHints":{"allow":["GET"]}}],"collection":[{"href":"https:\/\/alias-animation.fr\/index.php?rest_route=\/wp\/v2\/product"}],"about":[{"href":"https:\/\/alias-animation.fr\/index.php?rest_route=\/wp\/v2\/types\/product"}],"version-history":[{"count":1,"href":"https:\/\/alias-animation.fr\/index.php?rest_route=\/wp\/v2\/product\/2370\/revisions"}],"predecessor-version":[{"id":2371,"href":"https:\/\/alias-animation.fr\/index.php?rest_route=\/wp\/v2\/product\/2370\/revisions\/2371"}],"wp:featuredmedia":[{"embeddable":true,"href":"https:\/\/alias-animation.fr\/index.php?rest_route=\/wp\/v2\/media\/2655"}],"wp:attachment":[{"href":"https:\/\/alias-animation.fr\/index.php?rest_route=%2Fwp%2Fv2%2Fmedia&parent=2370"}],"wp:term":[{"taxonomy":"product_brand","embeddable":true,"href":"https:\/\/alias-animation.fr\/index.php?rest_route=%2Fwp%2Fv2%2Fproduct_brand&post=2370"},{"taxonomy":"product_cat","embeddable":true,"href":"https:\/\/alias-animation.fr\/index.php?rest_route=%2Fwp%2Fv2%2Fproduct_cat&post=2370"},{"taxonomy":"product_tag","embeddable":true,"href":"https:\/\/alias-animation.fr\/index.php?rest_route=%2Fwp%2Fv2%2Fproduct_tag&post=2370"}],"curies":[{"name":"wp","href":"https:\/\/api.w.org\/{rel}","templated":true}]}}