{"id":2358,"date":"2022-04-26T10:22:58","date_gmt":"2022-04-26T10:22:58","guid":{"rendered":"http:\/\/alias-animation.fr\/?post_type=product&#038;p=2358"},"modified":"2022-05-14T08:50:11","modified_gmt":"2022-05-14T08:50:11","slug":"pylos","status":"publish","type":"product","link":"https:\/\/alias-animation.fr\/?product=pylos","title":{"rendered":"Pylos"},"content":{"rendered":"","protected":false},"excerpt":{"rendered":"<p style=\"text-align: left;\"><span style=\"color: #ff0000;\"><strong>Le prix sera indiqu\u00e9 dans notre devis<br \/>\n<\/strong><\/span>Au d\u00e9part le plateau est vide.<br \/>\nChaque joueur choisi une couleur de bille.<br \/>\nChacun leur tour, les joueurs doivent jouer une bille de sa couleur sur le plateau.<\/p>\n<p>Pour placer une bille sur quatre autres billes, ils\u00a0peuvent soit prendre une bille qui est d\u00e9j\u00e0 en jeu de leur couleur, soit une de sa r\u00e9serve.<\/p>\n<p>Si le joueur forme un carr\u00e9 avec quatre billes de sa couleur, alors il peut retirer jusqu&rsquo;\u00e0 2 billes et\u00a0les remettre dans sa r\u00e9serve.<\/p>\n<p>Le gagnant est le joueur \u00e0 poser une boule au sommet de la pyramide.<\/p>\n<p>Nombre de joueurs : 2<\/p>\n","protected":false},"featured_media":2650,"template":"","meta":{"_et_pb_use_builder":"","_et_pb_old_content":"","_et_gb_content_width":"","_uag_custom_page_level_css":""},"product_brand":[],"product_cat":[19],"product_tag":[],"class_list":{"0":"post-2358","1":"product","2":"type-product","3":"status-publish","4":"has-post-thumbnail","6":"product_cat-jeux-geants","8":"first","9":"instock","10":"shipping-taxable","11":"purchasable","12":"product-type-simple"},"aioseo_notices":[],"uagb_featured_image_src":{"full":["https:\/\/alias-animation.fr\/wp-content\/uploads\/2022\/04\/PYLOS-1.jpg",600,600,false],"thumbnail":["https:\/\/alias-animation.fr\/wp-content\/uploads\/2022\/04\/PYLOS-1-150x150.jpg",150,150,true],"medium":["https:\/\/alias-animation.fr\/wp-content\/uploads\/2022\/04\/PYLOS-1-300x300.jpg",300,300,true],"medium_large":["https:\/\/alias-animation.fr\/wp-content\/uploads\/2022\/04\/PYLOS-1.jpg",600,600,false],"large":["https:\/\/alias-animation.fr\/wp-content\/uploads\/2022\/04\/PYLOS-1.jpg",600,600,false],"1536x1536":["https:\/\/alias-animation.fr\/wp-content\/uploads\/2022\/04\/PYLOS-1.jpg",600,600,false],"2048x2048":["https:\/\/alias-animation.fr\/wp-content\/uploads\/2022\/04\/PYLOS-1.jpg",600,600,false],"et-pb-post-main-image":["https:\/\/alias-animation.fr\/wp-content\/uploads\/2022\/04\/PYLOS-1.jpg",250,250,false],"et-pb-post-main-image-fullwidth":["https:\/\/alias-animation.fr\/wp-content\/uploads\/2022\/04\/PYLOS-1.jpg",600,600,false],"et-pb-portfolio-image":["https:\/\/alias-animation.fr\/wp-content\/uploads\/2022\/04\/PYLOS-1.jpg",284,284,false],"et-pb-portfolio-module-image":["https:\/\/alias-animation.fr\/wp-content\/uploads\/2022\/04\/PYLOS-1.jpg",382,382,false],"et-pb-portfolio-image-single":["https:\/\/alias-animation.fr\/wp-content\/uploads\/2022\/04\/PYLOS-1.jpg",600,600,false],"et-pb-gallery-module-image-portrait":["https:\/\/alias-animation.fr\/wp-content\/uploads\/2022\/04\/PYLOS-1.jpg",400,400,false],"et-pb-post-main-image-fullwidth-large":["https:\/\/alias-animation.fr\/wp-content\/uploads\/2022\/04\/PYLOS-1.jpg",600,600,false],"et-pb-image--responsive--desktop":["https:\/\/alias-animation.fr\/wp-content\/uploads\/2022\/04\/PYLOS-1.jpg",600,600,false],"et-pb-image--responsive--tablet":["https:\/\/alias-animation.fr\/wp-content\/uploads\/2022\/04\/PYLOS-1.jpg",551,551,false],"et-pb-image--responsive--phone":["https:\/\/alias-animation.fr\/wp-content\/uploads\/2022\/04\/PYLOS-1.jpg",270,270,false],"woocommerce_thumbnail":["https:\/\/alias-animation.fr\/wp-content\/uploads\/2022\/04\/PYLOS-1-300x300.jpg",300,300,true],"woocommerce_single":["https:\/\/alias-animation.fr\/wp-content\/uploads\/2022\/04\/PYLOS-1.jpg",600,600,false],"woocommerce_gallery_thumbnail":["https:\/\/alias-animation.fr\/wp-content\/uploads\/2022\/04\/PYLOS-1-100x100.jpg",100,100,true]},"uagb_author_info":{"display_name":"Laetitia Bizet","author_link":"https:\/\/alias-animation.fr\/?author=0"},"uagb_comment_info":0,"uagb_excerpt":"Le prix sera indiqu\u00e9 dans notre devis Au d\u00e9part le plateau est vide. Chaque joueur choisi une couleur de bille. Chacun leur tour, les joueurs doivent jouer une bille de sa couleur sur le plateau. Pour placer une bille sur quatre autres billes, ils\u00a0peuvent soit prendre une bille qui est d\u00e9j\u00e0 en jeu de leur\u2026","jetpack_sharing_enabled":true,"_links":{"self":[{"href":"https:\/\/alias-animation.fr\/index.php?rest_route=\/wp\/v2\/product\/2358","targetHints":{"allow":["GET"]}}],"collection":[{"href":"https:\/\/alias-animation.fr\/index.php?rest_route=\/wp\/v2\/product"}],"about":[{"href":"https:\/\/alias-animation.fr\/index.php?rest_route=\/wp\/v2\/types\/product"}],"version-history":[{"count":1,"href":"https:\/\/alias-animation.fr\/index.php?rest_route=\/wp\/v2\/product\/2358\/revisions"}],"predecessor-version":[{"id":2359,"href":"https:\/\/alias-animation.fr\/index.php?rest_route=\/wp\/v2\/product\/2358\/revisions\/2359"}],"wp:featuredmedia":[{"embeddable":true,"href":"https:\/\/alias-animation.fr\/index.php?rest_route=\/wp\/v2\/media\/2650"}],"wp:attachment":[{"href":"https:\/\/alias-animation.fr\/index.php?rest_route=%2Fwp%2Fv2%2Fmedia&parent=2358"}],"wp:term":[{"taxonomy":"product_brand","embeddable":true,"href":"https:\/\/alias-animation.fr\/index.php?rest_route=%2Fwp%2Fv2%2Fproduct_brand&post=2358"},{"taxonomy":"product_cat","embeddable":true,"href":"https:\/\/alias-animation.fr\/index.php?rest_route=%2Fwp%2Fv2%2Fproduct_cat&post=2358"},{"taxonomy":"product_tag","embeddable":true,"href":"https:\/\/alias-animation.fr\/index.php?rest_route=%2Fwp%2Fv2%2Fproduct_tag&post=2358"}],"curies":[{"name":"wp","href":"https:\/\/api.w.org\/{rel}","templated":true}]}}