{"id":2355,"date":"2022-04-26T10:20:11","date_gmt":"2022-04-26T10:20:11","guid":{"rendered":"http:\/\/alias-animation.fr\/?post_type=product&#038;p=2355"},"modified":"2022-05-12T09:21:54","modified_gmt":"2022-05-12T09:21:54","slug":"puissance-4","status":"publish","type":"product","link":"https:\/\/alias-animation.fr\/?product=puissance-4","title":{"rendered":"Puissance 4"},"content":{"rendered":"","protected":false},"excerpt":{"rendered":"<p style=\"text-align: left;\"><span style=\"color: #ff0000;\"><strong>Le prix sera indiqu\u00e9 dans notre devis<br \/>\n<\/strong><\/span>Le support doit \u00eatre vide, les joueurs choisissent une couleur et prennent tous les pions correspondants.<br \/>\nLes joueurs se mettent de part et d&rsquo;autre du jeu.<\/p>\n<p>Chacun \u00e0 leur tour, les joueurs posent un pion dans le support dans la colonne de leur choix.<\/p>\n<p>Le but du jeu est d&rsquo;aligner 4 pions de sa couleur en \u00e9vitant que l&rsquo;autre joueur aligne les siens.<br \/>\nLe premier joueur qui aligne 4 pions de sa couleur \u00e0 l&rsquo;horizontale, \u00e0 la verticale ou en diagonale a gagn\u00e9.<\/p>\n<p>Nombre de joueurs : 2<\/p>\n","protected":false},"featured_media":2648,"template":"","meta":{"_et_pb_use_builder":"","_et_pb_old_content":"","_et_gb_content_width":"","_uag_custom_page_level_css":""},"product_brand":[],"product_cat":[19],"product_tag":[],"class_list":{"0":"post-2355","1":"product","2":"type-product","3":"status-publish","4":"has-post-thumbnail","6":"product_cat-jeux-geants","8":"first","9":"instock","10":"shipping-taxable","11":"purchasable","12":"product-type-simple"},"aioseo_notices":[],"uagb_featured_image_src":{"full":["https:\/\/alias-animation.fr\/wp-content\/uploads\/2022\/04\/puissance-4-1.jpg",605,605,false],"thumbnail":["https:\/\/alias-animation.fr\/wp-content\/uploads\/2022\/04\/puissance-4-1-150x150.jpg",150,150,true],"medium":["https:\/\/alias-animation.fr\/wp-content\/uploads\/2022\/04\/puissance-4-1-300x300.jpg",300,300,true],"medium_large":["https:\/\/alias-animation.fr\/wp-content\/uploads\/2022\/04\/puissance-4-1.jpg",605,605,false],"large":["https:\/\/alias-animation.fr\/wp-content\/uploads\/2022\/04\/puissance-4-1.jpg",605,605,false],"1536x1536":["https:\/\/alias-animation.fr\/wp-content\/uploads\/2022\/04\/puissance-4-1.jpg",605,605,false],"2048x2048":["https:\/\/alias-animation.fr\/wp-content\/uploads\/2022\/04\/puissance-4-1.jpg",605,605,false],"et-pb-post-main-image":["https:\/\/alias-animation.fr\/wp-content\/uploads\/2022\/04\/puissance-4-1.jpg",250,250,false],"et-pb-post-main-image-fullwidth":["https:\/\/alias-animation.fr\/wp-content\/uploads\/2022\/04\/puissance-4-1.jpg",605,605,false],"et-pb-portfolio-image":["https:\/\/alias-animation.fr\/wp-content\/uploads\/2022\/04\/puissance-4-1.jpg",284,284,false],"et-pb-portfolio-module-image":["https:\/\/alias-animation.fr\/wp-content\/uploads\/2022\/04\/puissance-4-1.jpg",382,382,false],"et-pb-portfolio-image-single":["https:\/\/alias-animation.fr\/wp-content\/uploads\/2022\/04\/puissance-4-1.jpg",605,605,false],"et-pb-gallery-module-image-portrait":["https:\/\/alias-animation.fr\/wp-content\/uploads\/2022\/04\/puissance-4-1.jpg",400,400,false],"et-pb-post-main-image-fullwidth-large":["https:\/\/alias-animation.fr\/wp-content\/uploads\/2022\/04\/puissance-4-1.jpg",605,605,false],"et-pb-image--responsive--desktop":["https:\/\/alias-animation.fr\/wp-content\/uploads\/2022\/04\/puissance-4-1.jpg",605,605,false],"et-pb-image--responsive--tablet":["https:\/\/alias-animation.fr\/wp-content\/uploads\/2022\/04\/puissance-4-1.jpg",551,551,false],"et-pb-image--responsive--phone":["https:\/\/alias-animation.fr\/wp-content\/uploads\/2022\/04\/puissance-4-1.jpg",270,270,false],"woocommerce_thumbnail":["https:\/\/alias-animation.fr\/wp-content\/uploads\/2022\/04\/puissance-4-1-300x300.jpg",300,300,true],"woocommerce_single":["https:\/\/alias-animation.fr\/wp-content\/uploads\/2022\/04\/puissance-4-1-600x600.jpg",600,600,true],"woocommerce_gallery_thumbnail":["https:\/\/alias-animation.fr\/wp-content\/uploads\/2022\/04\/puissance-4-1-100x100.jpg",100,100,true]},"uagb_author_info":{"display_name":"Laetitia Bizet","author_link":"https:\/\/alias-animation.fr\/?author=0"},"uagb_comment_info":0,"uagb_excerpt":"Le prix sera indiqu\u00e9 dans notre devis Le support doit \u00eatre vide, les joueurs choisissent une couleur et prennent tous les pions correspondants. Les joueurs se mettent de part et d'autre du jeu. Chacun \u00e0 leur tour, les joueurs posent un pion dans le support dans la colonne de leur choix. Le but du jeu\u2026","jetpack_sharing_enabled":true,"_links":{"self":[{"href":"https:\/\/alias-animation.fr\/index.php?rest_route=\/wp\/v2\/product\/2355","targetHints":{"allow":["GET"]}}],"collection":[{"href":"https:\/\/alias-animation.fr\/index.php?rest_route=\/wp\/v2\/product"}],"about":[{"href":"https:\/\/alias-animation.fr\/index.php?rest_route=\/wp\/v2\/types\/product"}],"version-history":[{"count":2,"href":"https:\/\/alias-animation.fr\/index.php?rest_route=\/wp\/v2\/product\/2355\/revisions"}],"predecessor-version":[{"id":2357,"href":"https:\/\/alias-animation.fr\/index.php?rest_route=\/wp\/v2\/product\/2355\/revisions\/2357"}],"wp:featuredmedia":[{"embeddable":true,"href":"https:\/\/alias-animation.fr\/index.php?rest_route=\/wp\/v2\/media\/2648"}],"wp:attachment":[{"href":"https:\/\/alias-animation.fr\/index.php?rest_route=%2Fwp%2Fv2%2Fmedia&parent=2355"}],"wp:term":[{"taxonomy":"product_brand","embeddable":true,"href":"https:\/\/alias-animation.fr\/index.php?rest_route=%2Fwp%2Fv2%2Fproduct_brand&post=2355"},{"taxonomy":"product_cat","embeddable":true,"href":"https:\/\/alias-animation.fr\/index.php?rest_route=%2Fwp%2Fv2%2Fproduct_cat&post=2355"},{"taxonomy":"product_tag","embeddable":true,"href":"https:\/\/alias-animation.fr\/index.php?rest_route=%2Fwp%2Fv2%2Fproduct_tag&post=2355"}],"curies":[{"name":"wp","href":"https:\/\/api.w.org\/{rel}","templated":true}]}}