{"id":1298,"date":"2022-04-11T09:21:53","date_gmt":"2022-04-11T09:21:53","guid":{"rendered":"http:\/\/alias-animation.fr\/?post_type=product&#038;p=1298"},"modified":"2022-04-25T08:36:15","modified_gmt":"2022-04-25T08:36:15","slug":"penny-ball","status":"publish","type":"product","link":"https:\/\/alias-animation.fr\/?product=penny-ball","title":{"rendered":"Penny Ball"},"content":{"rendered":"","protected":false},"excerpt":{"rendered":"<p>Le but du jeu est de remplir les trous marqueurs de son \u00e9quipe (une \u00e9quipe \u00e0 gauche, l&rsquo;autre \u00e0 droite).<br \/>\nChaque Joueur lance les 8 boules afin d&rsquo;essayer de les placer entre les lignes au bout du jeu.<br \/>\nS&rsquo;il parvient \u00e0 poser la boule sans qu&rsquo;elle touche les lignes, le joueur marque un point et place un pion marqueur dans le trou correspondant \u00e0 la ligne occup\u00e9 par la boule.<br \/>\nUne fois les 8 boules jou\u00e9es, le joueur suivant lance \u00e0 son tour les boules. Une boule qui s&rsquo;arr\u00eate entre deux lignes qui est d\u00e9j\u00e0 marqu\u00e9 ne compte pas.<br \/>\nLe premier joueur (ou \u00e9quipe) qui a rempli tout ses trous marqueurs, a gagn\u00e9.<br \/>\nNombre de joueurs : 2<\/p>\n","protected":false},"featured_media":1570,"template":"","meta":{"_et_pb_use_builder":"","_et_pb_old_content":"","_et_gb_content_width":"","_uag_custom_page_level_css":""},"product_brand":[],"product_cat":[19],"product_tag":[],"class_list":{"0":"post-1298","1":"product","2":"type-product","3":"status-publish","4":"has-post-thumbnail","6":"product_cat-jeux-geants","8":"first","9":"instock","10":"shipping-taxable","11":"purchasable","12":"product-type-simple"},"aioseo_notices":[],"uagb_featured_image_src":{"full":["https:\/\/alias-animation.fr\/wp-content\/uploads\/2022\/04\/pennyball-min-1.jpg",600,600,false],"thumbnail":["https:\/\/alias-animation.fr\/wp-content\/uploads\/2022\/04\/pennyball-min-1-150x150.jpg",150,150,true],"medium":["https:\/\/alias-animation.fr\/wp-content\/uploads\/2022\/04\/pennyball-min-1-300x300.jpg",300,300,true],"medium_large":["https:\/\/alias-animation.fr\/wp-content\/uploads\/2022\/04\/pennyball-min-1.jpg",600,600,false],"large":["https:\/\/alias-animation.fr\/wp-content\/uploads\/2022\/04\/pennyball-min-1.jpg",600,600,false],"1536x1536":["https:\/\/alias-animation.fr\/wp-content\/uploads\/2022\/04\/pennyball-min-1.jpg",600,600,false],"2048x2048":["https:\/\/alias-animation.fr\/wp-content\/uploads\/2022\/04\/pennyball-min-1.jpg",600,600,false],"et-pb-post-main-image":["https:\/\/alias-animation.fr\/wp-content\/uploads\/2022\/04\/pennyball-min-1.jpg",250,250,false],"et-pb-post-main-image-fullwidth":["https:\/\/alias-animation.fr\/wp-content\/uploads\/2022\/04\/pennyball-min-1.jpg",600,600,false],"et-pb-portfolio-image":["https:\/\/alias-animation.fr\/wp-content\/uploads\/2022\/04\/pennyball-min-1.jpg",284,284,false],"et-pb-portfolio-module-image":["https:\/\/alias-animation.fr\/wp-content\/uploads\/2022\/04\/pennyball-min-1.jpg",382,382,false],"et-pb-portfolio-image-single":["https:\/\/alias-animation.fr\/wp-content\/uploads\/2022\/04\/pennyball-min-1.jpg",600,600,false],"et-pb-gallery-module-image-portrait":["https:\/\/alias-animation.fr\/wp-content\/uploads\/2022\/04\/pennyball-min-1.jpg",400,400,false],"et-pb-post-main-image-fullwidth-large":["https:\/\/alias-animation.fr\/wp-content\/uploads\/2022\/04\/pennyball-min-1.jpg",600,600,false],"et-pb-image--responsive--desktop":["https:\/\/alias-animation.fr\/wp-content\/uploads\/2022\/04\/pennyball-min-1.jpg",600,600,false],"et-pb-image--responsive--tablet":["https:\/\/alias-animation.fr\/wp-content\/uploads\/2022\/04\/pennyball-min-1.jpg",551,551,false],"et-pb-image--responsive--phone":["https:\/\/alias-animation.fr\/wp-content\/uploads\/2022\/04\/pennyball-min-1.jpg",270,270,false],"woocommerce_thumbnail":["https:\/\/alias-animation.fr\/wp-content\/uploads\/2022\/04\/pennyball-min-1-300x300.jpg",300,300,true],"woocommerce_single":["https:\/\/alias-animation.fr\/wp-content\/uploads\/2022\/04\/pennyball-min-1.jpg",600,600,false],"woocommerce_gallery_thumbnail":["https:\/\/alias-animation.fr\/wp-content\/uploads\/2022\/04\/pennyball-min-1-100x100.jpg",100,100,true]},"uagb_author_info":{"display_name":"Laetitia Bizet","author_link":"https:\/\/alias-animation.fr\/?author=0"},"uagb_comment_info":0,"uagb_excerpt":"Le but du jeu est de remplir les trous marqueurs de son \u00e9quipe (une \u00e9quipe \u00e0 gauche, l'autre \u00e0 droite). Chaque Joueur lance les 8 boules afin d'essayer de les placer entre les lignes au bout du jeu. S'il parvient \u00e0 poser la boule sans qu'elle touche les lignes, le joueur marque un point et\u2026","jetpack_sharing_enabled":true,"_links":{"self":[{"href":"https:\/\/alias-animation.fr\/index.php?rest_route=\/wp\/v2\/product\/1298","targetHints":{"allow":["GET"]}}],"collection":[{"href":"https:\/\/alias-animation.fr\/index.php?rest_route=\/wp\/v2\/product"}],"about":[{"href":"https:\/\/alias-animation.fr\/index.php?rest_route=\/wp\/v2\/types\/product"}],"version-history":[{"count":5,"href":"https:\/\/alias-animation.fr\/index.php?rest_route=\/wp\/v2\/product\/1298\/revisions"}],"predecessor-version":[{"id":2122,"href":"https:\/\/alias-animation.fr\/index.php?rest_route=\/wp\/v2\/product\/1298\/revisions\/2122"}],"wp:featuredmedia":[{"embeddable":true,"href":"https:\/\/alias-animation.fr\/index.php?rest_route=\/wp\/v2\/media\/1570"}],"wp:attachment":[{"href":"https:\/\/alias-animation.fr\/index.php?rest_route=%2Fwp%2Fv2%2Fmedia&parent=1298"}],"wp:term":[{"taxonomy":"product_brand","embeddable":true,"href":"https:\/\/alias-animation.fr\/index.php?rest_route=%2Fwp%2Fv2%2Fproduct_brand&post=1298"},{"taxonomy":"product_cat","embeddable":true,"href":"https:\/\/alias-animation.fr\/index.php?rest_route=%2Fwp%2Fv2%2Fproduct_cat&post=1298"},{"taxonomy":"product_tag","embeddable":true,"href":"https:\/\/alias-animation.fr\/index.php?rest_route=%2Fwp%2Fv2%2Fproduct_tag&post=1298"}],"curies":[{"name":"wp","href":"https:\/\/api.w.org\/{rel}","templated":true}]}}