{"id":1295,"date":"2022-04-11T09:19:46","date_gmt":"2022-04-11T09:19:46","guid":{"rendered":"http:\/\/alias-animation.fr\/?post_type=product&#038;p=1295"},"modified":"2022-04-25T09:00:49","modified_gmt":"2022-04-25T09:00:49","slug":"peche-a-la-ligne","status":"publish","type":"product","link":"https:\/\/alias-animation.fr\/?product=peche-a-la-ligne","title":{"rendered":"P\u00eache \u00e0 la Ligne"},"content":{"rendered":"","protected":false},"excerpt":{"rendered":"<p>Disposer tous les poissons sur le tapis et les supports autour de celui-ci. Chaque joueur choisi un couleur et p\u00eache les poissons de sa couleur et les d\u00e9posent sur son support.<br \/>\nNombre de joueurs : 1 \u00e0 4<\/p>\n","protected":false},"featured_media":1571,"template":"","meta":{"_et_pb_use_builder":"","_et_pb_old_content":"","_et_gb_content_width":"","_uag_custom_page_level_css":""},"product_brand":[],"product_cat":[19],"product_tag":[],"class_list":{"0":"post-1295","1":"product","2":"type-product","3":"status-publish","4":"has-post-thumbnail","6":"product_cat-jeux-geants","8":"first","9":"instock","10":"shipping-taxable","11":"purchasable","12":"product-type-simple"},"aioseo_notices":[],"uagb_featured_image_src":{"full":["https:\/\/alias-animation.fr\/wp-content\/uploads\/2022\/04\/peche-a-la-ligne-pour-petit-min.jpg",600,600,false],"thumbnail":["https:\/\/alias-animation.fr\/wp-content\/uploads\/2022\/04\/peche-a-la-ligne-pour-petit-min-150x150.jpg",150,150,true],"medium":["https:\/\/alias-animation.fr\/wp-content\/uploads\/2022\/04\/peche-a-la-ligne-pour-petit-min-300x300.jpg",300,300,true],"medium_large":["https:\/\/alias-animation.fr\/wp-content\/uploads\/2022\/04\/peche-a-la-ligne-pour-petit-min.jpg",600,600,false],"large":["https:\/\/alias-animation.fr\/wp-content\/uploads\/2022\/04\/peche-a-la-ligne-pour-petit-min.jpg",600,600,false],"1536x1536":["https:\/\/alias-animation.fr\/wp-content\/uploads\/2022\/04\/peche-a-la-ligne-pour-petit-min.jpg",600,600,false],"2048x2048":["https:\/\/alias-animation.fr\/wp-content\/uploads\/2022\/04\/peche-a-la-ligne-pour-petit-min.jpg",600,600,false],"et-pb-post-main-image":["https:\/\/alias-animation.fr\/wp-content\/uploads\/2022\/04\/peche-a-la-ligne-pour-petit-min.jpg",250,250,false],"et-pb-post-main-image-fullwidth":["https:\/\/alias-animation.fr\/wp-content\/uploads\/2022\/04\/peche-a-la-ligne-pour-petit-min.jpg",600,600,false],"et-pb-portfolio-image":["https:\/\/alias-animation.fr\/wp-content\/uploads\/2022\/04\/peche-a-la-ligne-pour-petit-min.jpg",284,284,false],"et-pb-portfolio-module-image":["https:\/\/alias-animation.fr\/wp-content\/uploads\/2022\/04\/peche-a-la-ligne-pour-petit-min.jpg",382,382,false],"et-pb-portfolio-image-single":["https:\/\/alias-animation.fr\/wp-content\/uploads\/2022\/04\/peche-a-la-ligne-pour-petit-min.jpg",600,600,false],"et-pb-gallery-module-image-portrait":["https:\/\/alias-animation.fr\/wp-content\/uploads\/2022\/04\/peche-a-la-ligne-pour-petit-min.jpg",400,400,false],"et-pb-post-main-image-fullwidth-large":["https:\/\/alias-animation.fr\/wp-content\/uploads\/2022\/04\/peche-a-la-ligne-pour-petit-min.jpg",600,600,false],"et-pb-image--responsive--desktop":["https:\/\/alias-animation.fr\/wp-content\/uploads\/2022\/04\/peche-a-la-ligne-pour-petit-min.jpg",600,600,false],"et-pb-image--responsive--tablet":["https:\/\/alias-animation.fr\/wp-content\/uploads\/2022\/04\/peche-a-la-ligne-pour-petit-min.jpg",551,551,false],"et-pb-image--responsive--phone":["https:\/\/alias-animation.fr\/wp-content\/uploads\/2022\/04\/peche-a-la-ligne-pour-petit-min.jpg",270,270,false],"woocommerce_thumbnail":["https:\/\/alias-animation.fr\/wp-content\/uploads\/2022\/04\/peche-a-la-ligne-pour-petit-min-300x300.jpg",300,300,true],"woocommerce_single":["https:\/\/alias-animation.fr\/wp-content\/uploads\/2022\/04\/peche-a-la-ligne-pour-petit-min.jpg",600,600,false],"woocommerce_gallery_thumbnail":["https:\/\/alias-animation.fr\/wp-content\/uploads\/2022\/04\/peche-a-la-ligne-pour-petit-min-100x100.jpg",100,100,true]},"uagb_author_info":{"display_name":"Laetitia Bizet","author_link":"https:\/\/alias-animation.fr\/?author=0"},"uagb_comment_info":0,"uagb_excerpt":"Disposer tous les poissons sur le tapis et les supports autour de celui-ci. Chaque joueur choisi un couleur et p\u00eache les poissons de sa couleur et les d\u00e9posent sur son support. Nombre de joueurs : 1 \u00e0 4","jetpack_sharing_enabled":true,"_links":{"self":[{"href":"https:\/\/alias-animation.fr\/index.php?rest_route=\/wp\/v2\/product\/1295","targetHints":{"allow":["GET"]}}],"collection":[{"href":"https:\/\/alias-animation.fr\/index.php?rest_route=\/wp\/v2\/product"}],"about":[{"href":"https:\/\/alias-animation.fr\/index.php?rest_route=\/wp\/v2\/types\/product"}],"version-history":[{"count":4,"href":"https:\/\/alias-animation.fr\/index.php?rest_route=\/wp\/v2\/product\/1295\/revisions"}],"predecessor-version":[{"id":2133,"href":"https:\/\/alias-animation.fr\/index.php?rest_route=\/wp\/v2\/product\/1295\/revisions\/2133"}],"wp:featuredmedia":[{"embeddable":true,"href":"https:\/\/alias-animation.fr\/index.php?rest_route=\/wp\/v2\/media\/1571"}],"wp:attachment":[{"href":"https:\/\/alias-animation.fr\/index.php?rest_route=%2Fwp%2Fv2%2Fmedia&parent=1295"}],"wp:term":[{"taxonomy":"product_brand","embeddable":true,"href":"https:\/\/alias-animation.fr\/index.php?rest_route=%2Fwp%2Fv2%2Fproduct_brand&post=1295"},{"taxonomy":"product_cat","embeddable":true,"href":"https:\/\/alias-animation.fr\/index.php?rest_route=%2Fwp%2Fv2%2Fproduct_cat&post=1295"},{"taxonomy":"product_tag","embeddable":true,"href":"https:\/\/alias-animation.fr\/index.php?rest_route=%2Fwp%2Fv2%2Fproduct_tag&post=1295"}],"curies":[{"name":"wp","href":"https:\/\/api.w.org\/{rel}","templated":true}]}}