{"id":1286,"date":"2022-04-11T09:13:56","date_gmt":"2022-04-11T09:13:56","guid":{"rendered":"http:\/\/alias-animation.fr\/?post_type=product&#038;p=1286"},"modified":"2022-04-25T09:01:38","modified_gmt":"2022-04-25T09:01:38","slug":"palet-anglais","status":"publish","type":"product","link":"https:\/\/alias-animation.fr\/?product=palet-anglais","title":{"rendered":"Palet Anglais"},"content":{"rendered":"","protected":false},"excerpt":{"rendered":"<p>Un tr\u00e8s bon jeu d&rsquo;adresse. Chaque joueur lance \u00e0 tour de r\u00f4le les 5 palets. Le but est de r\u00e9ussir \u00e0 placer 1 palet dans chaque zone de 1 \u00e0 5, sans toucher les lignes. Il est possible de pousser un palet avec un autre.<br \/>\nAttention, si un palet finit sa course \u00e0 cheval sur 2 cases, c&rsquo;est le plus petit point qui est pris en compte.<br \/>\nLorsque les 5 palets ont \u00e9t\u00e9 lanc\u00e9s, le joueur place une marque sur le chiffre correspondant au secteur qu&rsquo;il a r\u00e9ussi.<br \/>\nLe gagnant sera le 1er joueur qui aura r\u00e9ussi \u00e0 mettre 1 palet dans chaque zone.<br \/>\nNombre de joueurs : 2<\/p>\n","protected":false},"featured_media":1574,"template":"","meta":{"_et_pb_use_builder":"","_et_pb_old_content":"","_et_gb_content_width":"","_uag_custom_page_level_css":""},"product_brand":[],"product_cat":[19],"product_tag":[],"class_list":{"0":"post-1286","1":"product","2":"type-product","3":"status-publish","4":"has-post-thumbnail","6":"product_cat-jeux-geants","8":"first","9":"instock","10":"shipping-taxable","11":"purchasable","12":"product-type-simple"},"aioseo_notices":[],"uagb_featured_image_src":{"full":["https:\/\/alias-animation.fr\/wp-content\/uploads\/2022\/04\/palet-anglais-2-700x700-min.jpg",600,600,false],"thumbnail":["https:\/\/alias-animation.fr\/wp-content\/uploads\/2022\/04\/palet-anglais-2-700x700-min-150x150.jpg",150,150,true],"medium":["https:\/\/alias-animation.fr\/wp-content\/uploads\/2022\/04\/palet-anglais-2-700x700-min-300x300.jpg",300,300,true],"medium_large":["https:\/\/alias-animation.fr\/wp-content\/uploads\/2022\/04\/palet-anglais-2-700x700-min.jpg",600,600,false],"large":["https:\/\/alias-animation.fr\/wp-content\/uploads\/2022\/04\/palet-anglais-2-700x700-min.jpg",600,600,false],"1536x1536":["https:\/\/alias-animation.fr\/wp-content\/uploads\/2022\/04\/palet-anglais-2-700x700-min.jpg",600,600,false],"2048x2048":["https:\/\/alias-animation.fr\/wp-content\/uploads\/2022\/04\/palet-anglais-2-700x700-min.jpg",600,600,false],"et-pb-post-main-image":["https:\/\/alias-animation.fr\/wp-content\/uploads\/2022\/04\/palet-anglais-2-700x700-min.jpg",250,250,false],"et-pb-post-main-image-fullwidth":["https:\/\/alias-animation.fr\/wp-content\/uploads\/2022\/04\/palet-anglais-2-700x700-min.jpg",600,600,false],"et-pb-portfolio-image":["https:\/\/alias-animation.fr\/wp-content\/uploads\/2022\/04\/palet-anglais-2-700x700-min.jpg",284,284,false],"et-pb-portfolio-module-image":["https:\/\/alias-animation.fr\/wp-content\/uploads\/2022\/04\/palet-anglais-2-700x700-min.jpg",382,382,false],"et-pb-portfolio-image-single":["https:\/\/alias-animation.fr\/wp-content\/uploads\/2022\/04\/palet-anglais-2-700x700-min.jpg",600,600,false],"et-pb-gallery-module-image-portrait":["https:\/\/alias-animation.fr\/wp-content\/uploads\/2022\/04\/palet-anglais-2-700x700-min.jpg",400,400,false],"et-pb-post-main-image-fullwidth-large":["https:\/\/alias-animation.fr\/wp-content\/uploads\/2022\/04\/palet-anglais-2-700x700-min.jpg",600,600,false],"et-pb-image--responsive--desktop":["https:\/\/alias-animation.fr\/wp-content\/uploads\/2022\/04\/palet-anglais-2-700x700-min.jpg",600,600,false],"et-pb-image--responsive--tablet":["https:\/\/alias-animation.fr\/wp-content\/uploads\/2022\/04\/palet-anglais-2-700x700-min.jpg",551,551,false],"et-pb-image--responsive--phone":["https:\/\/alias-animation.fr\/wp-content\/uploads\/2022\/04\/palet-anglais-2-700x700-min.jpg",270,270,false],"woocommerce_thumbnail":["https:\/\/alias-animation.fr\/wp-content\/uploads\/2022\/04\/palet-anglais-2-700x700-min-300x300.jpg",300,300,true],"woocommerce_single":["https:\/\/alias-animation.fr\/wp-content\/uploads\/2022\/04\/palet-anglais-2-700x700-min.jpg",600,600,false],"woocommerce_gallery_thumbnail":["https:\/\/alias-animation.fr\/wp-content\/uploads\/2022\/04\/palet-anglais-2-700x700-min-100x100.jpg",100,100,true]},"uagb_author_info":{"display_name":"Laetitia Bizet","author_link":"https:\/\/alias-animation.fr\/?author=0"},"uagb_comment_info":0,"uagb_excerpt":"Un tr\u00e8s bon jeu d'adresse. Chaque joueur lance \u00e0 tour de r\u00f4le les 5 palets. Le but est de r\u00e9ussir \u00e0 placer 1 palet dans chaque zone de 1 \u00e0 5, sans toucher les lignes. Il est possible de pousser un palet avec un autre. Attention, si un palet finit sa course \u00e0 cheval sur\u2026","jetpack_sharing_enabled":true,"_links":{"self":[{"href":"https:\/\/alias-animation.fr\/index.php?rest_route=\/wp\/v2\/product\/1286","targetHints":{"allow":["GET"]}}],"collection":[{"href":"https:\/\/alias-animation.fr\/index.php?rest_route=\/wp\/v2\/product"}],"about":[{"href":"https:\/\/alias-animation.fr\/index.php?rest_route=\/wp\/v2\/types\/product"}],"version-history":[{"count":5,"href":"https:\/\/alias-animation.fr\/index.php?rest_route=\/wp\/v2\/product\/1286\/revisions"}],"predecessor-version":[{"id":2136,"href":"https:\/\/alias-animation.fr\/index.php?rest_route=\/wp\/v2\/product\/1286\/revisions\/2136"}],"wp:featuredmedia":[{"embeddable":true,"href":"https:\/\/alias-animation.fr\/index.php?rest_route=\/wp\/v2\/media\/1574"}],"wp:attachment":[{"href":"https:\/\/alias-animation.fr\/index.php?rest_route=%2Fwp%2Fv2%2Fmedia&parent=1286"}],"wp:term":[{"taxonomy":"product_brand","embeddable":true,"href":"https:\/\/alias-animation.fr\/index.php?rest_route=%2Fwp%2Fv2%2Fproduct_brand&post=1286"},{"taxonomy":"product_cat","embeddable":true,"href":"https:\/\/alias-animation.fr\/index.php?rest_route=%2Fwp%2Fv2%2Fproduct_cat&post=1286"},{"taxonomy":"product_tag","embeddable":true,"href":"https:\/\/alias-animation.fr\/index.php?rest_route=%2Fwp%2Fv2%2Fproduct_tag&post=1286"}],"curies":[{"name":"wp","href":"https:\/\/api.w.org\/{rel}","templated":true}]}}