{"id":1283,"date":"2022-04-11T09:09:26","date_gmt":"2022-04-11T09:09:26","guid":{"rendered":"http:\/\/alias-animation.fr\/?post_type=product&#038;p=1283"},"modified":"2022-04-25T09:01:51","modified_gmt":"2022-04-25T09:01:51","slug":"palet-petanque","status":"publish","type":"product","link":"https:\/\/alias-animation.fr\/?product=palet-petanque","title":{"rendered":"Palet P\u00e9tanque"},"content":{"rendered":"","protected":false},"excerpt":{"rendered":"<div class=\"page\" title=\"Page 57\">\n<div class=\"layoutArea\">\n<div class=\"column\">\n<p>Chaque joueur dispose de 3 palets de couleur identique. On tire au sort le joueur qui va commencer, et comme \u00e0 la p\u00e9tanque, chaque participant jouera un palet de sa couleur en le faisant glisser en direction du centre de la cible (qui fait office de cochonnet).<\/p>\n<p>Apr\u00e8s le 1er tour, le joueur le plus \u00e9loign\u00e9 du centre rejouera jusqu\u2019\u00e0 ce qu\u2019il ne soit plus le plus \u00e9loign\u00e9 ou jusqu\u2019\u00e0 ce qu\u2019il n\u2019ai plus de palet.<\/p>\n<p>&#8211; 1 palet qui d\u00e9passe de l\u2019arrondi de la cible est consid\u00e9r\u00e9 hors jeu.<br \/>\n&#8211; Vous pouvez pousser les palets adverses pour les mettre hors jeu.<\/p>\n<p>Lorsque tous les palets sont jou\u00e9s, on compte les points obtenus comme \u00e0 la p\u00e9tanque,\u00a0et l\u2019on continue la partie jusqu\u2019\u00e0 ce qu\u2019un joueur ou une \u00e9quipe arrive \u00e0 10 points.<\/p>\n<\/div>\n<\/div>\n<\/div>\n","protected":false},"featured_media":1575,"template":"","meta":{"_et_pb_use_builder":"","_et_pb_old_content":"","_et_gb_content_width":"","_uag_custom_page_level_css":""},"product_brand":[],"product_cat":[19],"product_tag":[],"class_list":{"0":"post-1283","1":"product","2":"type-product","3":"status-publish","4":"has-post-thumbnail","6":"product_cat-jeux-geants","8":"first","9":"instock","10":"shipping-taxable","11":"purchasable","12":"product-type-simple"},"aioseo_notices":[],"uagb_featured_image_src":{"full":["https:\/\/alias-animation.fr\/wp-content\/uploads\/2022\/04\/palet-petanque-min.jpg",600,600,false],"thumbnail":["https:\/\/alias-animation.fr\/wp-content\/uploads\/2022\/04\/palet-petanque-min-150x150.jpg",150,150,true],"medium":["https:\/\/alias-animation.fr\/wp-content\/uploads\/2022\/04\/palet-petanque-min-300x300.jpg",300,300,true],"medium_large":["https:\/\/alias-animation.fr\/wp-content\/uploads\/2022\/04\/palet-petanque-min.jpg",600,600,false],"large":["https:\/\/alias-animation.fr\/wp-content\/uploads\/2022\/04\/palet-petanque-min.jpg",600,600,false],"1536x1536":["https:\/\/alias-animation.fr\/wp-content\/uploads\/2022\/04\/palet-petanque-min.jpg",600,600,false],"2048x2048":["https:\/\/alias-animation.fr\/wp-content\/uploads\/2022\/04\/palet-petanque-min.jpg",600,600,false],"et-pb-post-main-image":["https:\/\/alias-animation.fr\/wp-content\/uploads\/2022\/04\/palet-petanque-min.jpg",250,250,false],"et-pb-post-main-image-fullwidth":["https:\/\/alias-animation.fr\/wp-content\/uploads\/2022\/04\/palet-petanque-min.jpg",600,600,false],"et-pb-portfolio-image":["https:\/\/alias-animation.fr\/wp-content\/uploads\/2022\/04\/palet-petanque-min.jpg",284,284,false],"et-pb-portfolio-module-image":["https:\/\/alias-animation.fr\/wp-content\/uploads\/2022\/04\/palet-petanque-min.jpg",382,382,false],"et-pb-portfolio-image-single":["https:\/\/alias-animation.fr\/wp-content\/uploads\/2022\/04\/palet-petanque-min.jpg",600,600,false],"et-pb-gallery-module-image-portrait":["https:\/\/alias-animation.fr\/wp-content\/uploads\/2022\/04\/palet-petanque-min.jpg",400,400,false],"et-pb-post-main-image-fullwidth-large":["https:\/\/alias-animation.fr\/wp-content\/uploads\/2022\/04\/palet-petanque-min.jpg",600,600,false],"et-pb-image--responsive--desktop":["https:\/\/alias-animation.fr\/wp-content\/uploads\/2022\/04\/palet-petanque-min.jpg",600,600,false],"et-pb-image--responsive--tablet":["https:\/\/alias-animation.fr\/wp-content\/uploads\/2022\/04\/palet-petanque-min.jpg",551,551,false],"et-pb-image--responsive--phone":["https:\/\/alias-animation.fr\/wp-content\/uploads\/2022\/04\/palet-petanque-min.jpg",270,270,false],"woocommerce_thumbnail":["https:\/\/alias-animation.fr\/wp-content\/uploads\/2022\/04\/palet-petanque-min-300x300.jpg",300,300,true],"woocommerce_single":["https:\/\/alias-animation.fr\/wp-content\/uploads\/2022\/04\/palet-petanque-min.jpg",600,600,false],"woocommerce_gallery_thumbnail":["https:\/\/alias-animation.fr\/wp-content\/uploads\/2022\/04\/palet-petanque-min-100x100.jpg",100,100,true]},"uagb_author_info":{"display_name":"Laetitia Bizet","author_link":"https:\/\/alias-animation.fr\/?author=0"},"uagb_comment_info":0,"uagb_excerpt":"Chaque joueur dispose de 3 palets de couleur identique. On tire au sort le joueur qui va commencer, et comme \u00e0 la p\u00e9tanque, chaque participant jouera un palet de sa couleur en le faisant glisser en direction du centre de la cible (qui fait office de cochonnet). Apr\u00e8s le 1er tour, le joueur le plus\u2026","jetpack_sharing_enabled":true,"_links":{"self":[{"href":"https:\/\/alias-animation.fr\/index.php?rest_route=\/wp\/v2\/product\/1283","targetHints":{"allow":["GET"]}}],"collection":[{"href":"https:\/\/alias-animation.fr\/index.php?rest_route=\/wp\/v2\/product"}],"about":[{"href":"https:\/\/alias-animation.fr\/index.php?rest_route=\/wp\/v2\/types\/product"}],"version-history":[{"count":5,"href":"https:\/\/alias-animation.fr\/index.php?rest_route=\/wp\/v2\/product\/1283\/revisions"}],"predecessor-version":[{"id":2137,"href":"https:\/\/alias-animation.fr\/index.php?rest_route=\/wp\/v2\/product\/1283\/revisions\/2137"}],"wp:featuredmedia":[{"embeddable":true,"href":"https:\/\/alias-animation.fr\/index.php?rest_route=\/wp\/v2\/media\/1575"}],"wp:attachment":[{"href":"https:\/\/alias-animation.fr\/index.php?rest_route=%2Fwp%2Fv2%2Fmedia&parent=1283"}],"wp:term":[{"taxonomy":"product_brand","embeddable":true,"href":"https:\/\/alias-animation.fr\/index.php?rest_route=%2Fwp%2Fv2%2Fproduct_brand&post=1283"},{"taxonomy":"product_cat","embeddable":true,"href":"https:\/\/alias-animation.fr\/index.php?rest_route=%2Fwp%2Fv2%2Fproduct_cat&post=1283"},{"taxonomy":"product_tag","embeddable":true,"href":"https:\/\/alias-animation.fr\/index.php?rest_route=%2Fwp%2Fv2%2Fproduct_tag&post=1283"}],"curies":[{"name":"wp","href":"https:\/\/api.w.org\/{rel}","templated":true}]}}