{"id":1271,"date":"2022-04-11T09:01:28","date_gmt":"2022-04-11T09:01:28","guid":{"rendered":"http:\/\/alias-animation.fr\/?post_type=product&#038;p=1271"},"modified":"2022-04-25T09:18:22","modified_gmt":"2022-04-25T09:18:22","slug":"molkki-mini","status":"publish","type":"product","link":"https:\/\/alias-animation.fr\/?product=molkki-mini","title":{"rendered":"Molkky"},"content":{"rendered":"","protected":false},"excerpt":{"rendered":"<p>Les quilles sont plac\u00e9es \u00e0 3\/4 m\u00e8tres. Lorsqu&rsquo;une quille a \u00e9t\u00e9 abattue, on la rel\u00e8ve juste l\u00e0 o\u00f9 elle se trouve, sans la soulever. C&rsquo;est ainsi qu&rsquo;au cours de la partie, les quilles s&rsquo;\u00e9parpillent et s&rsquo;\u00e9loignent.<\/p>\n<p>Pour abattre les quilles, les joueurs lancent le molkky, il y a 2 fa\u00e7ons de marquer des points :<br \/>\n&#8211; si un joueur fait tomber une seule quille, il gagne autant de points que le nombre inscrit dessus<br \/>\n&#8211; si un joueur fait tomber plusieurs quilles, il gagne autant de points que de quilles tomb\u00e9es.<\/p>\n<p>Elimination : Tout joueur qui commet 3 fautes (un lancer au cours duquel aucun point n&rsquo;est marqu\u00e9, ou un mordu sur la ligne de lancement) est \u00e9limin\u00e9.<\/p>\n<p>La partie se termine lorsqu\u2019un joueur obtient exactement 50 points. Si un joueur marque plus de 50 points, son score redescendra \u00e0 25 points et il continuera \u00e0 jouer. (R\u00e8gle compl\u00e8te disponible).<br \/>\nNombre de joueurs : 2 ou 4<\/p>\n","protected":false},"featured_media":1580,"template":"","meta":{"_et_pb_use_builder":"","_et_pb_old_content":"","_et_gb_content_width":"","_uag_custom_page_level_css":""},"product_brand":[],"product_cat":[19],"product_tag":[],"class_list":{"0":"post-1271","1":"product","2":"type-product","3":"status-publish","4":"has-post-thumbnail","6":"product_cat-jeux-geants","8":"first","9":"instock","10":"shipping-taxable","11":"purchasable","12":"product-type-simple"},"aioseo_notices":[],"uagb_featured_image_src":{"full":["https:\/\/alias-animation.fr\/wp-content\/uploads\/2022\/04\/Molkky-min.jpg",600,600,false],"thumbnail":["https:\/\/alias-animation.fr\/wp-content\/uploads\/2022\/04\/Molkky-min-150x150.jpg",150,150,true],"medium":["https:\/\/alias-animation.fr\/wp-content\/uploads\/2022\/04\/Molkky-min-300x300.jpg",300,300,true],"medium_large":["https:\/\/alias-animation.fr\/wp-content\/uploads\/2022\/04\/Molkky-min.jpg",600,600,false],"large":["https:\/\/alias-animation.fr\/wp-content\/uploads\/2022\/04\/Molkky-min.jpg",600,600,false],"1536x1536":["https:\/\/alias-animation.fr\/wp-content\/uploads\/2022\/04\/Molkky-min.jpg",600,600,false],"2048x2048":["https:\/\/alias-animation.fr\/wp-content\/uploads\/2022\/04\/Molkky-min.jpg",600,600,false],"et-pb-post-main-image":["https:\/\/alias-animation.fr\/wp-content\/uploads\/2022\/04\/Molkky-min.jpg",250,250,false],"et-pb-post-main-image-fullwidth":["https:\/\/alias-animation.fr\/wp-content\/uploads\/2022\/04\/Molkky-min.jpg",600,600,false],"et-pb-portfolio-image":["https:\/\/alias-animation.fr\/wp-content\/uploads\/2022\/04\/Molkky-min.jpg",284,284,false],"et-pb-portfolio-module-image":["https:\/\/alias-animation.fr\/wp-content\/uploads\/2022\/04\/Molkky-min.jpg",382,382,false],"et-pb-portfolio-image-single":["https:\/\/alias-animation.fr\/wp-content\/uploads\/2022\/04\/Molkky-min.jpg",600,600,false],"et-pb-gallery-module-image-portrait":["https:\/\/alias-animation.fr\/wp-content\/uploads\/2022\/04\/Molkky-min.jpg",400,400,false],"et-pb-post-main-image-fullwidth-large":["https:\/\/alias-animation.fr\/wp-content\/uploads\/2022\/04\/Molkky-min.jpg",600,600,false],"et-pb-image--responsive--desktop":["https:\/\/alias-animation.fr\/wp-content\/uploads\/2022\/04\/Molkky-min.jpg",600,600,false],"et-pb-image--responsive--tablet":["https:\/\/alias-animation.fr\/wp-content\/uploads\/2022\/04\/Molkky-min.jpg",551,551,false],"et-pb-image--responsive--phone":["https:\/\/alias-animation.fr\/wp-content\/uploads\/2022\/04\/Molkky-min.jpg",270,270,false],"woocommerce_thumbnail":["https:\/\/alias-animation.fr\/wp-content\/uploads\/2022\/04\/Molkky-min-300x300.jpg",300,300,true],"woocommerce_single":["https:\/\/alias-animation.fr\/wp-content\/uploads\/2022\/04\/Molkky-min.jpg",600,600,false],"woocommerce_gallery_thumbnail":["https:\/\/alias-animation.fr\/wp-content\/uploads\/2022\/04\/Molkky-min-100x100.jpg",100,100,true]},"uagb_author_info":{"display_name":"Laetitia Bizet","author_link":"https:\/\/alias-animation.fr\/?author=0"},"uagb_comment_info":0,"uagb_excerpt":"Les quilles sont plac\u00e9es \u00e0 3\/4 m\u00e8tres. Lorsqu'une quille a \u00e9t\u00e9 abattue, on la rel\u00e8ve juste l\u00e0 o\u00f9 elle se trouve, sans la soulever. C'est ainsi qu'au cours de la partie, les quilles s'\u00e9parpillent et s'\u00e9loignent. Pour abattre les quilles, les joueurs lancent le molkky, il y a 2 fa\u00e7ons de marquer des points :\u2026","jetpack_sharing_enabled":true,"_links":{"self":[{"href":"https:\/\/alias-animation.fr\/index.php?rest_route=\/wp\/v2\/product\/1271","targetHints":{"allow":["GET"]}}],"collection":[{"href":"https:\/\/alias-animation.fr\/index.php?rest_route=\/wp\/v2\/product"}],"about":[{"href":"https:\/\/alias-animation.fr\/index.php?rest_route=\/wp\/v2\/types\/product"}],"version-history":[{"count":4,"href":"https:\/\/alias-animation.fr\/index.php?rest_route=\/wp\/v2\/product\/1271\/revisions"}],"predecessor-version":[{"id":2140,"href":"https:\/\/alias-animation.fr\/index.php?rest_route=\/wp\/v2\/product\/1271\/revisions\/2140"}],"wp:featuredmedia":[{"embeddable":true,"href":"https:\/\/alias-animation.fr\/index.php?rest_route=\/wp\/v2\/media\/1580"}],"wp:attachment":[{"href":"https:\/\/alias-animation.fr\/index.php?rest_route=%2Fwp%2Fv2%2Fmedia&parent=1271"}],"wp:term":[{"taxonomy":"product_brand","embeddable":true,"href":"https:\/\/alias-animation.fr\/index.php?rest_route=%2Fwp%2Fv2%2Fproduct_brand&post=1271"},{"taxonomy":"product_cat","embeddable":true,"href":"https:\/\/alias-animation.fr\/index.php?rest_route=%2Fwp%2Fv2%2Fproduct_cat&post=1271"},{"taxonomy":"product_tag","embeddable":true,"href":"https:\/\/alias-animation.fr\/index.php?rest_route=%2Fwp%2Fv2%2Fproduct_tag&post=1271"}],"curies":[{"name":"wp","href":"https:\/\/api.w.org\/{rel}","templated":true}]}}