{"id":1232,"date":"2022-04-11T08:39:21","date_gmt":"2022-04-11T08:39:21","guid":{"rendered":"http:\/\/alias-animation.fr\/?post_type=product&#038;p=1232"},"modified":"2022-05-12T09:12:49","modified_gmt":"2022-05-12T09:12:49","slug":"jenga-detour","status":"publish","type":"product","link":"https:\/\/alias-animation.fr\/?product=jenga-detour","title":{"rendered":"Jenga"},"content":{"rendered":"","protected":false},"excerpt":{"rendered":"<p>Le but du jeu est de ne pas faire tomber la tour.<br \/>\nMonter la tour en pla\u00e7ant les blocs par rang\u00e9es de 3. Chaque rang doit \u00eatre perpendiculaire au pr\u00e9c\u00e9dent. Le joueur qui a construit la tour commence la partie. Il enl\u00e8ve un bloc quelconque de la tour (\u00e0 l&rsquo;exception de la rang\u00e9e sup\u00e9rieure) et le pose au sommet, perpendiculairement au rang pr\u00e9c\u00e9dent. Vous ne devez jouer qu&rsquo;avec une seule main. Le joueur \u00e0 votre gauche joue et ainsi de suite. Il faut toujours compl\u00e9ter la rang\u00e9e sup\u00e9rieure avant d&rsquo;en commencer une nouvelle.<br \/>\nLe dernier joueur qui a d\u00e9plac\u00e9 un bloc et l&rsquo;a repos\u00e9 sans faire tomber la tour est le grand gagnant de la partie. Le joueur qui a fait \u00e9crouler la tour commence la partie suivante.<br \/>\nNombre de joueurs : 2 \u00e0 4<\/p>\n","protected":false},"featured_media":2644,"template":"","meta":{"_et_pb_use_builder":"","_et_pb_old_content":"","_et_gb_content_width":"","_uag_custom_page_level_css":""},"product_brand":[],"product_cat":[19],"product_tag":[],"class_list":{"0":"post-1232","1":"product","2":"type-product","3":"status-publish","4":"has-post-thumbnail","6":"product_cat-jeux-geants","8":"first","9":"instock","10":"shipping-taxable","11":"purchasable","12":"product-type-simple"},"aioseo_notices":[],"uagb_featured_image_src":{"full":["https:\/\/alias-animation.fr\/wp-content\/uploads\/2022\/04\/jenga-ok-600x1044-1.jpg",600,600,false],"thumbnail":["https:\/\/alias-animation.fr\/wp-content\/uploads\/2022\/04\/jenga-ok-600x1044-1-150x150.jpg",150,150,true],"medium":["https:\/\/alias-animation.fr\/wp-content\/uploads\/2022\/04\/jenga-ok-600x1044-1-300x300.jpg",300,300,true],"medium_large":["https:\/\/alias-animation.fr\/wp-content\/uploads\/2022\/04\/jenga-ok-600x1044-1.jpg",600,600,false],"large":["https:\/\/alias-animation.fr\/wp-content\/uploads\/2022\/04\/jenga-ok-600x1044-1.jpg",600,600,false],"1536x1536":["https:\/\/alias-animation.fr\/wp-content\/uploads\/2022\/04\/jenga-ok-600x1044-1.jpg",600,600,false],"2048x2048":["https:\/\/alias-animation.fr\/wp-content\/uploads\/2022\/04\/jenga-ok-600x1044-1.jpg",600,600,false],"et-pb-post-main-image":["https:\/\/alias-animation.fr\/wp-content\/uploads\/2022\/04\/jenga-ok-600x1044-1.jpg",250,250,false],"et-pb-post-main-image-fullwidth":["https:\/\/alias-animation.fr\/wp-content\/uploads\/2022\/04\/jenga-ok-600x1044-1.jpg",600,600,false],"et-pb-portfolio-image":["https:\/\/alias-animation.fr\/wp-content\/uploads\/2022\/04\/jenga-ok-600x1044-1.jpg",284,284,false],"et-pb-portfolio-module-image":["https:\/\/alias-animation.fr\/wp-content\/uploads\/2022\/04\/jenga-ok-600x1044-1.jpg",382,382,false],"et-pb-portfolio-image-single":["https:\/\/alias-animation.fr\/wp-content\/uploads\/2022\/04\/jenga-ok-600x1044-1.jpg",600,600,false],"et-pb-gallery-module-image-portrait":["https:\/\/alias-animation.fr\/wp-content\/uploads\/2022\/04\/jenga-ok-600x1044-1.jpg",400,400,false],"et-pb-post-main-image-fullwidth-large":["https:\/\/alias-animation.fr\/wp-content\/uploads\/2022\/04\/jenga-ok-600x1044-1.jpg",600,600,false],"et-pb-image--responsive--desktop":["https:\/\/alias-animation.fr\/wp-content\/uploads\/2022\/04\/jenga-ok-600x1044-1.jpg",600,600,false],"et-pb-image--responsive--tablet":["https:\/\/alias-animation.fr\/wp-content\/uploads\/2022\/04\/jenga-ok-600x1044-1.jpg",551,551,false],"et-pb-image--responsive--phone":["https:\/\/alias-animation.fr\/wp-content\/uploads\/2022\/04\/jenga-ok-600x1044-1.jpg",270,270,false],"woocommerce_thumbnail":["https:\/\/alias-animation.fr\/wp-content\/uploads\/2022\/04\/jenga-ok-600x1044-1-300x300.jpg",300,300,true],"woocommerce_single":["https:\/\/alias-animation.fr\/wp-content\/uploads\/2022\/04\/jenga-ok-600x1044-1.jpg",600,600,false],"woocommerce_gallery_thumbnail":["https:\/\/alias-animation.fr\/wp-content\/uploads\/2022\/04\/jenga-ok-600x1044-1-100x100.jpg",100,100,true]},"uagb_author_info":{"display_name":"Laetitia Bizet","author_link":"https:\/\/alias-animation.fr\/?author=0"},"uagb_comment_info":0,"uagb_excerpt":"Le but du jeu est de ne pas faire tomber la tour. Monter la tour en pla\u00e7ant les blocs par rang\u00e9es de 3. Chaque rang doit \u00eatre perpendiculaire au pr\u00e9c\u00e9dent. Le joueur qui a construit la tour commence la partie. Il enl\u00e8ve un bloc quelconque de la tour (\u00e0 l'exception de la rang\u00e9e sup\u00e9rieure) et\u2026","jetpack_sharing_enabled":true,"_links":{"self":[{"href":"https:\/\/alias-animation.fr\/index.php?rest_route=\/wp\/v2\/product\/1232","targetHints":{"allow":["GET"]}}],"collection":[{"href":"https:\/\/alias-animation.fr\/index.php?rest_route=\/wp\/v2\/product"}],"about":[{"href":"https:\/\/alias-animation.fr\/index.php?rest_route=\/wp\/v2\/types\/product"}],"version-history":[{"count":4,"href":"https:\/\/alias-animation.fr\/index.php?rest_route=\/wp\/v2\/product\/1232\/revisions"}],"predecessor-version":[{"id":1718,"href":"https:\/\/alias-animation.fr\/index.php?rest_route=\/wp\/v2\/product\/1232\/revisions\/1718"}],"wp:featuredmedia":[{"embeddable":true,"href":"https:\/\/alias-animation.fr\/index.php?rest_route=\/wp\/v2\/media\/2644"}],"wp:attachment":[{"href":"https:\/\/alias-animation.fr\/index.php?rest_route=%2Fwp%2Fv2%2Fmedia&parent=1232"}],"wp:term":[{"taxonomy":"product_brand","embeddable":true,"href":"https:\/\/alias-animation.fr\/index.php?rest_route=%2Fwp%2Fv2%2Fproduct_brand&post=1232"},{"taxonomy":"product_cat","embeddable":true,"href":"https:\/\/alias-animation.fr\/index.php?rest_route=%2Fwp%2Fv2%2Fproduct_cat&post=1232"},{"taxonomy":"product_tag","embeddable":true,"href":"https:\/\/alias-animation.fr\/index.php?rest_route=%2Fwp%2Fv2%2Fproduct_tag&post=1232"}],"curies":[{"name":"wp","href":"https:\/\/api.w.org\/{rel}","templated":true}]}}