{"id":1211,"date":"2022-04-10T16:40:54","date_gmt":"2022-04-10T16:40:54","guid":{"rendered":"http:\/\/alias-animation.fr\/?post_type=product&#038;p=1211"},"modified":"2022-04-25T13:01:37","modified_gmt":"2022-04-25T13:01:37","slug":"fermer-la-boite","status":"publish","type":"product","link":"https:\/\/alias-animation.fr\/?product=fermer-la-boite","title":{"rendered":"Fermer la Bo\u00eete"},"content":{"rendered":"","protected":false},"excerpt":{"rendered":"<p>Le but du Jeu est de rabattre le maximum de clapets pour cumuler le moins de points possibles. On rabat les d\u00e9s d&rsquo;une mani\u00e8re diff\u00e9rente. Le joueur peut choisir le r\u00e9sultat d&rsquo;un ou deux d\u00e9s ou leur somme.<\/p>\n<p>Prenons l&rsquo;exemple de ce lancer (5 et 2) :<br \/>\nIl a la possibilit\u00e9 de rabattre les touches suivantes :<br \/>\n5 ou 2 \u00a0\/ \u00a05 + 2 \u00a0\/ \u00a07<\/p>\n<p>Les joueurs jouent ainsi les deux d\u00e9s \u00e0 tour de r\u00f4le jusqu&rsquo;\u00e0 \u00eatre bloqu\u00e9s (c&rsquo;est-\u00e0-dire ne plus pouvoir rabattre une seule des touches parmi les solutions possibles). Le tour du joueur bloqu\u00e9 est alors termin\u00e9. Il comptabilise les touches restantes (celles non rabattues). Variante de r\u00e8gle disponible.<br \/>\nNombre de joueurs : 2<\/p>\n","protected":false},"featured_media":1212,"template":"","meta":{"_et_pb_use_builder":"","_et_pb_old_content":"","_et_gb_content_width":"","_uag_custom_page_level_css":""},"product_brand":[],"product_cat":[19],"product_tag":[],"class_list":{"0":"post-1211","1":"product","2":"type-product","3":"status-publish","4":"has-post-thumbnail","6":"product_cat-jeux-geants","8":"first","9":"instock","10":"shipping-taxable","11":"purchasable","12":"product-type-simple"},"aioseo_notices":[],"uagb_featured_image_src":{"full":["https:\/\/alias-animation.fr\/wp-content\/uploads\/2022\/04\/fermer-la-boite-min.jpg",600,600,false],"thumbnail":["https:\/\/alias-animation.fr\/wp-content\/uploads\/2022\/04\/fermer-la-boite-min-150x150.jpg",150,150,true],"medium":["https:\/\/alias-animation.fr\/wp-content\/uploads\/2022\/04\/fermer-la-boite-min-300x300.jpg",300,300,true],"medium_large":["https:\/\/alias-animation.fr\/wp-content\/uploads\/2022\/04\/fermer-la-boite-min.jpg",600,600,false],"large":["https:\/\/alias-animation.fr\/wp-content\/uploads\/2022\/04\/fermer-la-boite-min.jpg",600,600,false],"1536x1536":["https:\/\/alias-animation.fr\/wp-content\/uploads\/2022\/04\/fermer-la-boite-min.jpg",600,600,false],"2048x2048":["https:\/\/alias-animation.fr\/wp-content\/uploads\/2022\/04\/fermer-la-boite-min.jpg",600,600,false],"et-pb-post-main-image":["https:\/\/alias-animation.fr\/wp-content\/uploads\/2022\/04\/fermer-la-boite-min.jpg",250,250,false],"et-pb-post-main-image-fullwidth":["https:\/\/alias-animation.fr\/wp-content\/uploads\/2022\/04\/fermer-la-boite-min.jpg",600,600,false],"et-pb-portfolio-image":["https:\/\/alias-animation.fr\/wp-content\/uploads\/2022\/04\/fermer-la-boite-min.jpg",284,284,false],"et-pb-portfolio-module-image":["https:\/\/alias-animation.fr\/wp-content\/uploads\/2022\/04\/fermer-la-boite-min.jpg",382,382,false],"et-pb-portfolio-image-single":["https:\/\/alias-animation.fr\/wp-content\/uploads\/2022\/04\/fermer-la-boite-min.jpg",600,600,false],"et-pb-gallery-module-image-portrait":["https:\/\/alias-animation.fr\/wp-content\/uploads\/2022\/04\/fermer-la-boite-min.jpg",400,400,false],"et-pb-post-main-image-fullwidth-large":["https:\/\/alias-animation.fr\/wp-content\/uploads\/2022\/04\/fermer-la-boite-min.jpg",600,600,false],"et-pb-image--responsive--desktop":["https:\/\/alias-animation.fr\/wp-content\/uploads\/2022\/04\/fermer-la-boite-min.jpg",600,600,false],"et-pb-image--responsive--tablet":["https:\/\/alias-animation.fr\/wp-content\/uploads\/2022\/04\/fermer-la-boite-min.jpg",551,551,false],"et-pb-image--responsive--phone":["https:\/\/alias-animation.fr\/wp-content\/uploads\/2022\/04\/fermer-la-boite-min.jpg",270,270,false],"woocommerce_thumbnail":["https:\/\/alias-animation.fr\/wp-content\/uploads\/2022\/04\/fermer-la-boite-min-300x300.jpg",300,300,true],"woocommerce_single":["https:\/\/alias-animation.fr\/wp-content\/uploads\/2022\/04\/fermer-la-boite-min.jpg",600,600,false],"woocommerce_gallery_thumbnail":["https:\/\/alias-animation.fr\/wp-content\/uploads\/2022\/04\/fermer-la-boite-min-100x100.jpg",100,100,true]},"uagb_author_info":{"display_name":"Laetitia Bizet","author_link":"https:\/\/alias-animation.fr\/?author=0"},"uagb_comment_info":0,"uagb_excerpt":"Le but du Jeu est de rabattre le maximum de clapets pour cumuler le moins de points possibles. On rabat les d\u00e9s d'une mani\u00e8re diff\u00e9rente. Le joueur peut choisir le r\u00e9sultat d'un ou deux d\u00e9s ou leur somme. Prenons l'exemple de ce lancer (5 et 2) : Il a la possibilit\u00e9 de rabattre les touches\u2026","jetpack_sharing_enabled":true,"_links":{"self":[{"href":"https:\/\/alias-animation.fr\/index.php?rest_route=\/wp\/v2\/product\/1211","targetHints":{"allow":["GET"]}}],"collection":[{"href":"https:\/\/alias-animation.fr\/index.php?rest_route=\/wp\/v2\/product"}],"about":[{"href":"https:\/\/alias-animation.fr\/index.php?rest_route=\/wp\/v2\/types\/product"}],"version-history":[{"count":4,"href":"https:\/\/alias-animation.fr\/index.php?rest_route=\/wp\/v2\/product\/1211\/revisions"}],"predecessor-version":[{"id":2170,"href":"https:\/\/alias-animation.fr\/index.php?rest_route=\/wp\/v2\/product\/1211\/revisions\/2170"}],"wp:featuredmedia":[{"embeddable":true,"href":"https:\/\/alias-animation.fr\/index.php?rest_route=\/wp\/v2\/media\/1212"}],"wp:attachment":[{"href":"https:\/\/alias-animation.fr\/index.php?rest_route=%2Fwp%2Fv2%2Fmedia&parent=1211"}],"wp:term":[{"taxonomy":"product_brand","embeddable":true,"href":"https:\/\/alias-animation.fr\/index.php?rest_route=%2Fwp%2Fv2%2Fproduct_brand&post=1211"},{"taxonomy":"product_cat","embeddable":true,"href":"https:\/\/alias-animation.fr\/index.php?rest_route=%2Fwp%2Fv2%2Fproduct_cat&post=1211"},{"taxonomy":"product_tag","embeddable":true,"href":"https:\/\/alias-animation.fr\/index.php?rest_route=%2Fwp%2Fv2%2Fproduct_tag&post=1211"}],"curies":[{"name":"wp","href":"https:\/\/api.w.org\/{rel}","templated":true}]}}