{"id":1208,"date":"2022-04-10T16:38:56","date_gmt":"2022-04-10T16:38:56","guid":{"rendered":"http:\/\/alias-animation.fr\/?post_type=product&#038;p=1208"},"modified":"2022-04-25T13:03:34","modified_gmt":"2022-04-25T13:03:34","slug":"equilibre","status":"publish","type":"product","link":"https:\/\/alias-animation.fr\/?product=equilibre","title":{"rendered":"Equilibre"},"content":{"rendered":"","protected":false},"excerpt":{"rendered":"<p>Le but du jeu est de guider la bille entre les obstacles\u00a0jusqu\u2019au trou situ\u00e9 \u00e0\u00a0l\u2019extr\u00e9mit\u00e9, sans que celle-ci ne tombe.<br \/>\n(Vous pouvez chronom\u00e9trer votre parcours).<br \/>\nNombre de joueurs : 1<\/p>\n","protected":false},"featured_media":1209,"template":"","meta":{"_et_pb_use_builder":"","_et_pb_old_content":"","_et_gb_content_width":"","_uag_custom_page_level_css":""},"product_brand":[],"product_cat":[19],"product_tag":[],"class_list":{"0":"post-1208","1":"product","2":"type-product","3":"status-publish","4":"has-post-thumbnail","6":"product_cat-jeux-geants","8":"first","9":"instock","10":"shipping-taxable","11":"purchasable","12":"product-type-simple"},"aioseo_notices":[],"uagb_featured_image_src":{"full":["https:\/\/alias-animation.fr\/wp-content\/uploads\/2022\/04\/equilibre-min.jpg",600,600,false],"thumbnail":["https:\/\/alias-animation.fr\/wp-content\/uploads\/2022\/04\/equilibre-min-150x150.jpg",150,150,true],"medium":["https:\/\/alias-animation.fr\/wp-content\/uploads\/2022\/04\/equilibre-min-300x300.jpg",300,300,true],"medium_large":["https:\/\/alias-animation.fr\/wp-content\/uploads\/2022\/04\/equilibre-min.jpg",600,600,false],"large":["https:\/\/alias-animation.fr\/wp-content\/uploads\/2022\/04\/equilibre-min.jpg",600,600,false],"1536x1536":["https:\/\/alias-animation.fr\/wp-content\/uploads\/2022\/04\/equilibre-min.jpg",600,600,false],"2048x2048":["https:\/\/alias-animation.fr\/wp-content\/uploads\/2022\/04\/equilibre-min.jpg",600,600,false],"et-pb-post-main-image":["https:\/\/alias-animation.fr\/wp-content\/uploads\/2022\/04\/equilibre-min.jpg",250,250,false],"et-pb-post-main-image-fullwidth":["https:\/\/alias-animation.fr\/wp-content\/uploads\/2022\/04\/equilibre-min.jpg",600,600,false],"et-pb-portfolio-image":["https:\/\/alias-animation.fr\/wp-content\/uploads\/2022\/04\/equilibre-min.jpg",284,284,false],"et-pb-portfolio-module-image":["https:\/\/alias-animation.fr\/wp-content\/uploads\/2022\/04\/equilibre-min.jpg",382,382,false],"et-pb-portfolio-image-single":["https:\/\/alias-animation.fr\/wp-content\/uploads\/2022\/04\/equilibre-min.jpg",600,600,false],"et-pb-gallery-module-image-portrait":["https:\/\/alias-animation.fr\/wp-content\/uploads\/2022\/04\/equilibre-min.jpg",400,400,false],"et-pb-post-main-image-fullwidth-large":["https:\/\/alias-animation.fr\/wp-content\/uploads\/2022\/04\/equilibre-min.jpg",600,600,false],"et-pb-image--responsive--desktop":["https:\/\/alias-animation.fr\/wp-content\/uploads\/2022\/04\/equilibre-min.jpg",600,600,false],"et-pb-image--responsive--tablet":["https:\/\/alias-animation.fr\/wp-content\/uploads\/2022\/04\/equilibre-min.jpg",551,551,false],"et-pb-image--responsive--phone":["https:\/\/alias-animation.fr\/wp-content\/uploads\/2022\/04\/equilibre-min.jpg",270,270,false],"woocommerce_thumbnail":["https:\/\/alias-animation.fr\/wp-content\/uploads\/2022\/04\/equilibre-min-300x300.jpg",300,300,true],"woocommerce_single":["https:\/\/alias-animation.fr\/wp-content\/uploads\/2022\/04\/equilibre-min.jpg",600,600,false],"woocommerce_gallery_thumbnail":["https:\/\/alias-animation.fr\/wp-content\/uploads\/2022\/04\/equilibre-min-100x100.jpg",100,100,true]},"uagb_author_info":{"display_name":"Laetitia Bizet","author_link":"https:\/\/alias-animation.fr\/?author=0"},"uagb_comment_info":0,"uagb_excerpt":"Le but du jeu est de guider la bille entre les obstacles\u00a0jusqu\u2019au trou situ\u00e9 \u00e0\u00a0l\u2019extr\u00e9mit\u00e9, sans que celle-ci ne tombe. (Vous pouvez chronom\u00e9trer votre parcours). Nombre de joueurs : 1","jetpack_sharing_enabled":true,"_links":{"self":[{"href":"https:\/\/alias-animation.fr\/index.php?rest_route=\/wp\/v2\/product\/1208","targetHints":{"allow":["GET"]}}],"collection":[{"href":"https:\/\/alias-animation.fr\/index.php?rest_route=\/wp\/v2\/product"}],"about":[{"href":"https:\/\/alias-animation.fr\/index.php?rest_route=\/wp\/v2\/types\/product"}],"version-history":[{"count":2,"href":"https:\/\/alias-animation.fr\/index.php?rest_route=\/wp\/v2\/product\/1208\/revisions"}],"predecessor-version":[{"id":2171,"href":"https:\/\/alias-animation.fr\/index.php?rest_route=\/wp\/v2\/product\/1208\/revisions\/2171"}],"wp:featuredmedia":[{"embeddable":true,"href":"https:\/\/alias-animation.fr\/index.php?rest_route=\/wp\/v2\/media\/1209"}],"wp:attachment":[{"href":"https:\/\/alias-animation.fr\/index.php?rest_route=%2Fwp%2Fv2%2Fmedia&parent=1208"}],"wp:term":[{"taxonomy":"product_brand","embeddable":true,"href":"https:\/\/alias-animation.fr\/index.php?rest_route=%2Fwp%2Fv2%2Fproduct_brand&post=1208"},{"taxonomy":"product_cat","embeddable":true,"href":"https:\/\/alias-animation.fr\/index.php?rest_route=%2Fwp%2Fv2%2Fproduct_cat&post=1208"},{"taxonomy":"product_tag","embeddable":true,"href":"https:\/\/alias-animation.fr\/index.php?rest_route=%2Fwp%2Fv2%2Fproduct_tag&post=1208"}],"curies":[{"name":"wp","href":"https:\/\/api.w.org\/{rel}","templated":true}]}}