{"id":1201,"date":"2022-04-10T16:34:15","date_gmt":"2022-04-10T16:34:15","guid":{"rendered":"http:\/\/alias-animation.fr\/?post_type=product&#038;p=1201"},"modified":"2022-04-25T13:07:55","modified_gmt":"2022-04-25T13:07:55","slug":"double-chinois","status":"publish","type":"product","link":"https:\/\/alias-animation.fr\/?product=double-chinois","title":{"rendered":"Double Chinois"},"content":{"rendered":"","protected":false},"excerpt":{"rendered":"<p>But du jeu : \u00eatre le premier \u00e0 remplir les 4 trous de son camp.<br \/>\nAu d\u00e9part, chaque joueur \u00e0 4 boules dans son camp.<br \/>\nLes 2 joueurs jouent en m\u00eame temps, ils doivent essayer\u00a0de mettre les boules dans leurs 4 trous le plus rapidement<br \/>\npossible.<br \/>\nIl est possible qu\u2019une ou plusieurs boules comblent des\u00a0trous de l\u2019adversaire ou tombent dans son camp. Dans ce<br \/>\ncas, il la (les) garde. Si un joueur n\u2019a plus de boules \u00e0 jouer\u00a0\u00e0 un moment de la partie, il doit attendre qu\u2019il en retombe<br \/>\nde son c\u00f4t\u00e9.<br \/>\nLe premier joueur qui aura ses 4 trous occup\u00e9s par une\u00a0boule sera d\u00e9clar\u00e9 vainqueur.<br \/>\nVariante :<br \/>\nOn peut fixer un score \u00e0 atteindre en d\u00e9but de partie, et\u00a0compter 5 points par manches remport\u00e9es + 1 point par<br \/>\nnombre de trous restant \u00e0 combler par le perdant.<\/p>\n<p>Nombre de joueurs : 2<\/p>\n","protected":false},"featured_media":1202,"template":"","meta":{"_et_pb_use_builder":"","_et_pb_old_content":"","_et_gb_content_width":"","_uag_custom_page_level_css":""},"product_brand":[],"product_cat":[19],"product_tag":[],"class_list":{"0":"post-1201","1":"product","2":"type-product","3":"status-publish","4":"has-post-thumbnail","6":"product_cat-jeux-geants","8":"first","9":"instock","10":"shipping-taxable","11":"purchasable","12":"product-type-simple"},"aioseo_notices":[],"uagb_featured_image_src":{"full":["https:\/\/alias-animation.fr\/wp-content\/uploads\/2022\/04\/Double-chinois-min.jpg",600,600,false],"thumbnail":["https:\/\/alias-animation.fr\/wp-content\/uploads\/2022\/04\/Double-chinois-min-150x150.jpg",150,150,true],"medium":["https:\/\/alias-animation.fr\/wp-content\/uploads\/2022\/04\/Double-chinois-min-300x300.jpg",300,300,true],"medium_large":["https:\/\/alias-animation.fr\/wp-content\/uploads\/2022\/04\/Double-chinois-min.jpg",600,600,false],"large":["https:\/\/alias-animation.fr\/wp-content\/uploads\/2022\/04\/Double-chinois-min.jpg",600,600,false],"1536x1536":["https:\/\/alias-animation.fr\/wp-content\/uploads\/2022\/04\/Double-chinois-min.jpg",600,600,false],"2048x2048":["https:\/\/alias-animation.fr\/wp-content\/uploads\/2022\/04\/Double-chinois-min.jpg",600,600,false],"et-pb-post-main-image":["https:\/\/alias-animation.fr\/wp-content\/uploads\/2022\/04\/Double-chinois-min.jpg",250,250,false],"et-pb-post-main-image-fullwidth":["https:\/\/alias-animation.fr\/wp-content\/uploads\/2022\/04\/Double-chinois-min.jpg",600,600,false],"et-pb-portfolio-image":["https:\/\/alias-animation.fr\/wp-content\/uploads\/2022\/04\/Double-chinois-min.jpg",284,284,false],"et-pb-portfolio-module-image":["https:\/\/alias-animation.fr\/wp-content\/uploads\/2022\/04\/Double-chinois-min.jpg",382,382,false],"et-pb-portfolio-image-single":["https:\/\/alias-animation.fr\/wp-content\/uploads\/2022\/04\/Double-chinois-min.jpg",600,600,false],"et-pb-gallery-module-image-portrait":["https:\/\/alias-animation.fr\/wp-content\/uploads\/2022\/04\/Double-chinois-min.jpg",400,400,false],"et-pb-post-main-image-fullwidth-large":["https:\/\/alias-animation.fr\/wp-content\/uploads\/2022\/04\/Double-chinois-min.jpg",600,600,false],"et-pb-image--responsive--desktop":["https:\/\/alias-animation.fr\/wp-content\/uploads\/2022\/04\/Double-chinois-min.jpg",600,600,false],"et-pb-image--responsive--tablet":["https:\/\/alias-animation.fr\/wp-content\/uploads\/2022\/04\/Double-chinois-min.jpg",551,551,false],"et-pb-image--responsive--phone":["https:\/\/alias-animation.fr\/wp-content\/uploads\/2022\/04\/Double-chinois-min.jpg",270,270,false],"woocommerce_thumbnail":["https:\/\/alias-animation.fr\/wp-content\/uploads\/2022\/04\/Double-chinois-min-300x300.jpg",300,300,true],"woocommerce_single":["https:\/\/alias-animation.fr\/wp-content\/uploads\/2022\/04\/Double-chinois-min.jpg",600,600,false],"woocommerce_gallery_thumbnail":["https:\/\/alias-animation.fr\/wp-content\/uploads\/2022\/04\/Double-chinois-min-100x100.jpg",100,100,true]},"uagb_author_info":{"display_name":"Laetitia Bizet","author_link":"https:\/\/alias-animation.fr\/?author=0"},"uagb_comment_info":0,"uagb_excerpt":"But du jeu : \u00eatre le premier \u00e0 remplir les 4 trous de son camp. Au d\u00e9part, chaque joueur \u00e0 4 boules dans son camp. Les 2 joueurs jouent en m\u00eame temps, ils doivent essayer\u00a0de mettre les boules dans leurs 4 trous le plus rapidement possible. Il est possible qu\u2019une ou plusieurs boules comblent des\u00a0trous\u2026","jetpack_sharing_enabled":true,"_links":{"self":[{"href":"https:\/\/alias-animation.fr\/index.php?rest_route=\/wp\/v2\/product\/1201","targetHints":{"allow":["GET"]}}],"collection":[{"href":"https:\/\/alias-animation.fr\/index.php?rest_route=\/wp\/v2\/product"}],"about":[{"href":"https:\/\/alias-animation.fr\/index.php?rest_route=\/wp\/v2\/types\/product"}],"version-history":[{"count":3,"href":"https:\/\/alias-animation.fr\/index.php?rest_route=\/wp\/v2\/product\/1201\/revisions"}],"predecessor-version":[{"id":2174,"href":"https:\/\/alias-animation.fr\/index.php?rest_route=\/wp\/v2\/product\/1201\/revisions\/2174"}],"wp:featuredmedia":[{"embeddable":true,"href":"https:\/\/alias-animation.fr\/index.php?rest_route=\/wp\/v2\/media\/1202"}],"wp:attachment":[{"href":"https:\/\/alias-animation.fr\/index.php?rest_route=%2Fwp%2Fv2%2Fmedia&parent=1201"}],"wp:term":[{"taxonomy":"product_brand","embeddable":true,"href":"https:\/\/alias-animation.fr\/index.php?rest_route=%2Fwp%2Fv2%2Fproduct_brand&post=1201"},{"taxonomy":"product_cat","embeddable":true,"href":"https:\/\/alias-animation.fr\/index.php?rest_route=%2Fwp%2Fv2%2Fproduct_cat&post=1201"},{"taxonomy":"product_tag","embeddable":true,"href":"https:\/\/alias-animation.fr\/index.php?rest_route=%2Fwp%2Fv2%2Fproduct_tag&post=1201"}],"curies":[{"name":"wp","href":"https:\/\/api.w.org\/{rel}","templated":true}]}}