{"id":1197,"date":"2022-04-10T16:31:17","date_gmt":"2022-04-10T16:31:17","guid":{"rendered":"http:\/\/alias-animation.fr\/?post_type=product&#038;p=1197"},"modified":"2022-04-25T13:20:19","modified_gmt":"2022-04-25T13:20:19","slug":"dingo-disc","status":"publish","type":"product","link":"https:\/\/alias-animation.fr\/?product=dingo-disc","title":{"rendered":"Dingo Disc"},"content":{"rendered":"","protected":false},"excerpt":{"rendered":"<div class=\"page\" title=\"Page 1\">\n<div class=\"layoutArea\">\n<div class=\"column\">\n<p><span style=\"color: #000000;\">But du jeu : \u00eatre le premier \u00e0 poser tout ses pions sur le\u00a0<span style=\"caret-color: #000000;\">disque<\/span>\u00a0en\u00a0<span style=\"caret-color: #000000;\">\u00e9quilibre.<\/span><\/span><\/p>\n<p><span style=\"color: #000000;\">R\u00e9partir tous les pions de fa\u00e7on \u00e9quitable entre les joueurs.<br \/>\nLe 1er joueur lance les 2 d\u00e9s, cela d\u00e9terminera o\u00f9 il devra poser le pion de son choix (couleur et chiffre).<br \/>\nNoter qu&rsquo;il est possible de superposer les pions.<br \/>\nUne fois le pion pos\u00e9, et si aucun pion ne tombe, la partie continue avec le joueur suivant.<br \/>\nLe gagnant est celui qui n&rsquo;a plus de pion. (R\u00e8gle compl\u00e8te disponible).<\/span><\/p>\n<\/div>\n<\/div>\n<\/div>\n","protected":false},"featured_media":1198,"template":"","meta":{"_et_pb_use_builder":"","_et_pb_old_content":"","_et_gb_content_width":"","_uag_custom_page_level_css":""},"product_brand":[],"product_cat":[19],"product_tag":[],"class_list":{"0":"post-1197","1":"product","2":"type-product","3":"status-publish","4":"has-post-thumbnail","6":"product_cat-jeux-geants","8":"first","9":"instock","10":"shipping-taxable","11":"purchasable","12":"product-type-simple"},"aioseo_notices":[],"uagb_featured_image_src":{"full":["https:\/\/alias-animation.fr\/wp-content\/uploads\/2022\/04\/dingo-disc-min.jpg",600,600,false],"thumbnail":["https:\/\/alias-animation.fr\/wp-content\/uploads\/2022\/04\/dingo-disc-min-150x150.jpg",150,150,true],"medium":["https:\/\/alias-animation.fr\/wp-content\/uploads\/2022\/04\/dingo-disc-min-300x300.jpg",300,300,true],"medium_large":["https:\/\/alias-animation.fr\/wp-content\/uploads\/2022\/04\/dingo-disc-min.jpg",600,600,false],"large":["https:\/\/alias-animation.fr\/wp-content\/uploads\/2022\/04\/dingo-disc-min.jpg",600,600,false],"1536x1536":["https:\/\/alias-animation.fr\/wp-content\/uploads\/2022\/04\/dingo-disc-min.jpg",600,600,false],"2048x2048":["https:\/\/alias-animation.fr\/wp-content\/uploads\/2022\/04\/dingo-disc-min.jpg",600,600,false],"et-pb-post-main-image":["https:\/\/alias-animation.fr\/wp-content\/uploads\/2022\/04\/dingo-disc-min.jpg",250,250,false],"et-pb-post-main-image-fullwidth":["https:\/\/alias-animation.fr\/wp-content\/uploads\/2022\/04\/dingo-disc-min.jpg",600,600,false],"et-pb-portfolio-image":["https:\/\/alias-animation.fr\/wp-content\/uploads\/2022\/04\/dingo-disc-min.jpg",284,284,false],"et-pb-portfolio-module-image":["https:\/\/alias-animation.fr\/wp-content\/uploads\/2022\/04\/dingo-disc-min.jpg",382,382,false],"et-pb-portfolio-image-single":["https:\/\/alias-animation.fr\/wp-content\/uploads\/2022\/04\/dingo-disc-min.jpg",600,600,false],"et-pb-gallery-module-image-portrait":["https:\/\/alias-animation.fr\/wp-content\/uploads\/2022\/04\/dingo-disc-min.jpg",400,400,false],"et-pb-post-main-image-fullwidth-large":["https:\/\/alias-animation.fr\/wp-content\/uploads\/2022\/04\/dingo-disc-min.jpg",600,600,false],"et-pb-image--responsive--desktop":["https:\/\/alias-animation.fr\/wp-content\/uploads\/2022\/04\/dingo-disc-min.jpg",600,600,false],"et-pb-image--responsive--tablet":["https:\/\/alias-animation.fr\/wp-content\/uploads\/2022\/04\/dingo-disc-min.jpg",551,551,false],"et-pb-image--responsive--phone":["https:\/\/alias-animation.fr\/wp-content\/uploads\/2022\/04\/dingo-disc-min.jpg",270,270,false],"woocommerce_thumbnail":["https:\/\/alias-animation.fr\/wp-content\/uploads\/2022\/04\/dingo-disc-min-300x300.jpg",300,300,true],"woocommerce_single":["https:\/\/alias-animation.fr\/wp-content\/uploads\/2022\/04\/dingo-disc-min.jpg",600,600,false],"woocommerce_gallery_thumbnail":["https:\/\/alias-animation.fr\/wp-content\/uploads\/2022\/04\/dingo-disc-min-100x100.jpg",100,100,true]},"uagb_author_info":{"display_name":"Laetitia Bizet","author_link":"https:\/\/alias-animation.fr\/?author=0"},"uagb_comment_info":0,"uagb_excerpt":"But du jeu : \u00eatre le premier \u00e0 poser tout ses pions sur le\u00a0disque\u00a0en\u00a0\u00e9quilibre. R\u00e9partir tous les pions de fa\u00e7on \u00e9quitable entre les joueurs. Le 1er joueur lance les 2 d\u00e9s, cela d\u00e9terminera o\u00f9 il devra poser le pion de son choix (couleur et chiffre). Noter qu'il est possible de superposer les pions. Une fois\u2026","jetpack_sharing_enabled":true,"_links":{"self":[{"href":"https:\/\/alias-animation.fr\/index.php?rest_route=\/wp\/v2\/product\/1197","targetHints":{"allow":["GET"]}}],"collection":[{"href":"https:\/\/alias-animation.fr\/index.php?rest_route=\/wp\/v2\/product"}],"about":[{"href":"https:\/\/alias-animation.fr\/index.php?rest_route=\/wp\/v2\/types\/product"}],"version-history":[{"count":3,"href":"https:\/\/alias-animation.fr\/index.php?rest_route=\/wp\/v2\/product\/1197\/revisions"}],"predecessor-version":[{"id":2175,"href":"https:\/\/alias-animation.fr\/index.php?rest_route=\/wp\/v2\/product\/1197\/revisions\/2175"}],"wp:featuredmedia":[{"embeddable":true,"href":"https:\/\/alias-animation.fr\/index.php?rest_route=\/wp\/v2\/media\/1198"}],"wp:attachment":[{"href":"https:\/\/alias-animation.fr\/index.php?rest_route=%2Fwp%2Fv2%2Fmedia&parent=1197"}],"wp:term":[{"taxonomy":"product_brand","embeddable":true,"href":"https:\/\/alias-animation.fr\/index.php?rest_route=%2Fwp%2Fv2%2Fproduct_brand&post=1197"},{"taxonomy":"product_cat","embeddable":true,"href":"https:\/\/alias-animation.fr\/index.php?rest_route=%2Fwp%2Fv2%2Fproduct_cat&post=1197"},{"taxonomy":"product_tag","embeddable":true,"href":"https:\/\/alias-animation.fr\/index.php?rest_route=%2Fwp%2Fv2%2Fproduct_tag&post=1197"}],"curies":[{"name":"wp","href":"https:\/\/api.w.org\/{rel}","templated":true}]}}