{"id":1168,"date":"2022-04-10T15:28:35","date_gmt":"2022-04-10T15:28:35","guid":{"rendered":"http:\/\/alias-animation.fr\/?post_type=product&#038;p=1168"},"modified":"2022-04-25T13:42:06","modified_gmt":"2022-04-25T13:42:06","slug":"chamboule-tout","status":"publish","type":"product","link":"https:\/\/alias-animation.fr\/?product=chamboule-tout","title":{"rendered":"Chamboule Tout"},"content":{"rendered":"","protected":false},"excerpt":{"rendered":"<p>A l\u2019aide de 3 balles, faire tomber (hors de leur support) des\u00a0bo\u00eetes empil\u00e9es.<br \/>\nScore \u00e0 r\u00e9aliser :<br \/>\n30 points avec 6 boites de conserve.<br \/>\n1 point est gagn\u00e9 par bo\u00eete tomb\u00e9e hors du support.<br \/>\nPoints doubl\u00e9s si toutes les bo\u00eetes sont tomb\u00e9es en un seul\u00a0passage (3 balles)<br \/>\nLe premier joueur \u00e0 atteindre le score d\u00e9termin\u00e9 a gagn\u00e9 !<\/p>\n","protected":false},"featured_media":1597,"template":"","meta":{"_et_pb_use_builder":"","_et_pb_old_content":"","_et_gb_content_width":"","_uag_custom_page_level_css":""},"product_brand":[],"product_cat":[19],"product_tag":[],"class_list":{"0":"post-1168","1":"product","2":"type-product","3":"status-publish","4":"has-post-thumbnail","6":"product_cat-jeux-geants","8":"first","9":"instock","10":"shipping-taxable","11":"purchasable","12":"product-type-simple"},"aioseo_notices":[],"uagb_featured_image_src":{"full":["https:\/\/alias-animation.fr\/wp-content\/uploads\/2022\/04\/Chamboule-tout-ok-min.jpg",600,600,false],"thumbnail":["https:\/\/alias-animation.fr\/wp-content\/uploads\/2022\/04\/Chamboule-tout-ok-min-150x150.jpg",150,150,true],"medium":["https:\/\/alias-animation.fr\/wp-content\/uploads\/2022\/04\/Chamboule-tout-ok-min-300x300.jpg",300,300,true],"medium_large":["https:\/\/alias-animation.fr\/wp-content\/uploads\/2022\/04\/Chamboule-tout-ok-min.jpg",600,600,false],"large":["https:\/\/alias-animation.fr\/wp-content\/uploads\/2022\/04\/Chamboule-tout-ok-min.jpg",600,600,false],"1536x1536":["https:\/\/alias-animation.fr\/wp-content\/uploads\/2022\/04\/Chamboule-tout-ok-min.jpg",600,600,false],"2048x2048":["https:\/\/alias-animation.fr\/wp-content\/uploads\/2022\/04\/Chamboule-tout-ok-min.jpg",600,600,false],"et-pb-post-main-image":["https:\/\/alias-animation.fr\/wp-content\/uploads\/2022\/04\/Chamboule-tout-ok-min.jpg",250,250,false],"et-pb-post-main-image-fullwidth":["https:\/\/alias-animation.fr\/wp-content\/uploads\/2022\/04\/Chamboule-tout-ok-min.jpg",600,600,false],"et-pb-portfolio-image":["https:\/\/alias-animation.fr\/wp-content\/uploads\/2022\/04\/Chamboule-tout-ok-min.jpg",284,284,false],"et-pb-portfolio-module-image":["https:\/\/alias-animation.fr\/wp-content\/uploads\/2022\/04\/Chamboule-tout-ok-min.jpg",382,382,false],"et-pb-portfolio-image-single":["https:\/\/alias-animation.fr\/wp-content\/uploads\/2022\/04\/Chamboule-tout-ok-min.jpg",600,600,false],"et-pb-gallery-module-image-portrait":["https:\/\/alias-animation.fr\/wp-content\/uploads\/2022\/04\/Chamboule-tout-ok-min.jpg",400,400,false],"et-pb-post-main-image-fullwidth-large":["https:\/\/alias-animation.fr\/wp-content\/uploads\/2022\/04\/Chamboule-tout-ok-min.jpg",600,600,false],"et-pb-image--responsive--desktop":["https:\/\/alias-animation.fr\/wp-content\/uploads\/2022\/04\/Chamboule-tout-ok-min.jpg",600,600,false],"et-pb-image--responsive--tablet":["https:\/\/alias-animation.fr\/wp-content\/uploads\/2022\/04\/Chamboule-tout-ok-min.jpg",551,551,false],"et-pb-image--responsive--phone":["https:\/\/alias-animation.fr\/wp-content\/uploads\/2022\/04\/Chamboule-tout-ok-min.jpg",270,270,false],"woocommerce_thumbnail":["https:\/\/alias-animation.fr\/wp-content\/uploads\/2022\/04\/Chamboule-tout-ok-min-300x300.jpg",300,300,true],"woocommerce_single":["https:\/\/alias-animation.fr\/wp-content\/uploads\/2022\/04\/Chamboule-tout-ok-min.jpg",600,600,false],"woocommerce_gallery_thumbnail":["https:\/\/alias-animation.fr\/wp-content\/uploads\/2022\/04\/Chamboule-tout-ok-min-100x100.jpg",100,100,true]},"uagb_author_info":{"display_name":"Laetitia Bizet","author_link":"https:\/\/alias-animation.fr\/?author=0"},"uagb_comment_info":0,"uagb_excerpt":"A l\u2019aide de 3 balles, faire tomber (hors de leur support) des\u00a0bo\u00eetes empil\u00e9es. Score \u00e0 r\u00e9aliser : 30 points avec 6 boites de conserve. 1 point est gagn\u00e9 par bo\u00eete tomb\u00e9e hors du support. Points doubl\u00e9s si toutes les bo\u00eetes sont tomb\u00e9es en un seul\u00a0passage (3 balles) Le premier joueur \u00e0 atteindre le score d\u00e9termin\u00e9\u2026","jetpack_sharing_enabled":true,"_links":{"self":[{"href":"https:\/\/alias-animation.fr\/index.php?rest_route=\/wp\/v2\/product\/1168","targetHints":{"allow":["GET"]}}],"collection":[{"href":"https:\/\/alias-animation.fr\/index.php?rest_route=\/wp\/v2\/product"}],"about":[{"href":"https:\/\/alias-animation.fr\/index.php?rest_route=\/wp\/v2\/types\/product"}],"version-history":[{"count":2,"href":"https:\/\/alias-animation.fr\/index.php?rest_route=\/wp\/v2\/product\/1168\/revisions"}],"predecessor-version":[{"id":2187,"href":"https:\/\/alias-animation.fr\/index.php?rest_route=\/wp\/v2\/product\/1168\/revisions\/2187"}],"wp:featuredmedia":[{"embeddable":true,"href":"https:\/\/alias-animation.fr\/index.php?rest_route=\/wp\/v2\/media\/1597"}],"wp:attachment":[{"href":"https:\/\/alias-animation.fr\/index.php?rest_route=%2Fwp%2Fv2%2Fmedia&parent=1168"}],"wp:term":[{"taxonomy":"product_brand","embeddable":true,"href":"https:\/\/alias-animation.fr\/index.php?rest_route=%2Fwp%2Fv2%2Fproduct_brand&post=1168"},{"taxonomy":"product_cat","embeddable":true,"href":"https:\/\/alias-animation.fr\/index.php?rest_route=%2Fwp%2Fv2%2Fproduct_cat&post=1168"},{"taxonomy":"product_tag","embeddable":true,"href":"https:\/\/alias-animation.fr\/index.php?rest_route=%2Fwp%2Fv2%2Fproduct_tag&post=1168"}],"curies":[{"name":"wp","href":"https:\/\/api.w.org\/{rel}","templated":true}]}}