{"id":1162,"date":"2022-04-10T15:17:31","date_gmt":"2022-04-10T15:17:31","guid":{"rendered":"http:\/\/alias-animation.fr\/?post_type=product&#038;p=1162"},"modified":"2022-05-09T10:12:16","modified_gmt":"2022-05-09T10:12:16","slug":"bombix","status":"publish","type":"product","link":"https:\/\/alias-animation.fr\/?product=bombix","title":{"rendered":"Bombix"},"content":{"rendered":"","protected":false},"excerpt":{"rendered":"<p>Chaque joueur essaie de marquer des points \u00e0 l\u2019adversaire\u00a0en appuyant sur les boutons \u00e0 ressorts \u00e0 la mani\u00e8re du<br \/>\nflipper.<br \/>\nLe joueur engage la bille dans le trou de son adversaire.<br \/>\nLe premier joueur \u00e0 marquer 5 ou 10 points a gagn\u00e9. (\u00e0 d\u00e9finir avant le commencement de la partie).<\/p>\n<div class=\"page\" title=\"Page 18\">\n<div class=\"layoutArea\">\n<div class=\"column\">\n<p>Nombre de joueurs : 2<\/p>\n<\/div>\n<\/div>\n<\/div>\n","protected":false},"featured_media":2623,"template":"","meta":{"_et_pb_use_builder":"","_et_pb_old_content":"","_et_gb_content_width":"","_uag_custom_page_level_css":""},"product_brand":[],"product_cat":[19],"product_tag":[],"class_list":{"0":"post-1162","1":"product","2":"type-product","3":"status-publish","4":"has-post-thumbnail","6":"product_cat-jeux-geants","8":"first","9":"instock","10":"shipping-taxable","11":"product-type-simple"},"aioseo_notices":[],"uagb_featured_image_src":{"full":["https:\/\/alias-animation.fr\/wp-content\/uploads\/2022\/04\/Bombix-ok-300x300-1.jpg",305,305,false],"thumbnail":["https:\/\/alias-animation.fr\/wp-content\/uploads\/2022\/04\/Bombix-ok-300x300-1-150x150.jpg",150,150,true],"medium":["https:\/\/alias-animation.fr\/wp-content\/uploads\/2022\/04\/Bombix-ok-300x300-1-300x300.jpg",300,300,true],"medium_large":["https:\/\/alias-animation.fr\/wp-content\/uploads\/2022\/04\/Bombix-ok-300x300-1.jpg",305,305,false],"large":["https:\/\/alias-animation.fr\/wp-content\/uploads\/2022\/04\/Bombix-ok-300x300-1.jpg",305,305,false],"1536x1536":["https:\/\/alias-animation.fr\/wp-content\/uploads\/2022\/04\/Bombix-ok-300x300-1.jpg",305,305,false],"2048x2048":["https:\/\/alias-animation.fr\/wp-content\/uploads\/2022\/04\/Bombix-ok-300x300-1.jpg",305,305,false],"et-pb-post-main-image":["https:\/\/alias-animation.fr\/wp-content\/uploads\/2022\/04\/Bombix-ok-300x300-1.jpg",250,250,false],"et-pb-post-main-image-fullwidth":["https:\/\/alias-animation.fr\/wp-content\/uploads\/2022\/04\/Bombix-ok-300x300-1.jpg",305,305,false],"et-pb-portfolio-image":["https:\/\/alias-animation.fr\/wp-content\/uploads\/2022\/04\/Bombix-ok-300x300-1.jpg",284,284,false],"et-pb-portfolio-module-image":["https:\/\/alias-animation.fr\/wp-content\/uploads\/2022\/04\/Bombix-ok-300x300-1.jpg",305,305,false],"et-pb-portfolio-image-single":["https:\/\/alias-animation.fr\/wp-content\/uploads\/2022\/04\/Bombix-ok-300x300-1.jpg",305,305,false],"et-pb-gallery-module-image-portrait":["https:\/\/alias-animation.fr\/wp-content\/uploads\/2022\/04\/Bombix-ok-300x300-1.jpg",305,305,false],"et-pb-post-main-image-fullwidth-large":["https:\/\/alias-animation.fr\/wp-content\/uploads\/2022\/04\/Bombix-ok-300x300-1.jpg",305,305,false],"et-pb-image--responsive--desktop":["https:\/\/alias-animation.fr\/wp-content\/uploads\/2022\/04\/Bombix-ok-300x300-1.jpg",305,305,false],"et-pb-image--responsive--tablet":["https:\/\/alias-animation.fr\/wp-content\/uploads\/2022\/04\/Bombix-ok-300x300-1.jpg",305,305,false],"et-pb-image--responsive--phone":["https:\/\/alias-animation.fr\/wp-content\/uploads\/2022\/04\/Bombix-ok-300x300-1.jpg",270,270,false],"woocommerce_thumbnail":["https:\/\/alias-animation.fr\/wp-content\/uploads\/2022\/04\/Bombix-ok-300x300-1-300x300.jpg",300,300,true],"woocommerce_single":["https:\/\/alias-animation.fr\/wp-content\/uploads\/2022\/04\/Bombix-ok-300x300-1.jpg",305,305,false],"woocommerce_gallery_thumbnail":["https:\/\/alias-animation.fr\/wp-content\/uploads\/2022\/04\/Bombix-ok-300x300-1-100x100.jpg",100,100,true]},"uagb_author_info":{"display_name":"Laetitia Bizet","author_link":"https:\/\/alias-animation.fr\/?author=0"},"uagb_comment_info":0,"uagb_excerpt":"Chaque joueur essaie de marquer des points \u00e0 l\u2019adversaire\u00a0en appuyant sur les boutons \u00e0 ressorts \u00e0 la mani\u00e8re du flipper. Le joueur engage la bille dans le trou de son adversaire. Le premier joueur \u00e0 marquer 5 ou 10 points a gagn\u00e9. (\u00e0 d\u00e9finir avant le commencement de la partie). Nombre de joueurs : 2","jetpack_sharing_enabled":true,"_links":{"self":[{"href":"https:\/\/alias-animation.fr\/index.php?rest_route=\/wp\/v2\/product\/1162","targetHints":{"allow":["GET"]}}],"collection":[{"href":"https:\/\/alias-animation.fr\/index.php?rest_route=\/wp\/v2\/product"}],"about":[{"href":"https:\/\/alias-animation.fr\/index.php?rest_route=\/wp\/v2\/types\/product"}],"version-history":[{"count":3,"href":"https:\/\/alias-animation.fr\/index.php?rest_route=\/wp\/v2\/product\/1162\/revisions"}],"predecessor-version":[{"id":2191,"href":"https:\/\/alias-animation.fr\/index.php?rest_route=\/wp\/v2\/product\/1162\/revisions\/2191"}],"wp:featuredmedia":[{"embeddable":true,"href":"https:\/\/alias-animation.fr\/index.php?rest_route=\/wp\/v2\/media\/2623"}],"wp:attachment":[{"href":"https:\/\/alias-animation.fr\/index.php?rest_route=%2Fwp%2Fv2%2Fmedia&parent=1162"}],"wp:term":[{"taxonomy":"product_brand","embeddable":true,"href":"https:\/\/alias-animation.fr\/index.php?rest_route=%2Fwp%2Fv2%2Fproduct_brand&post=1162"},{"taxonomy":"product_cat","embeddable":true,"href":"https:\/\/alias-animation.fr\/index.php?rest_route=%2Fwp%2Fv2%2Fproduct_cat&post=1162"},{"taxonomy":"product_tag","embeddable":true,"href":"https:\/\/alias-animation.fr\/index.php?rest_route=%2Fwp%2Fv2%2Fproduct_tag&post=1162"}],"curies":[{"name":"wp","href":"https:\/\/api.w.org\/{rel}","templated":true}]}}