{"id":1154,"date":"2022-04-10T15:08:08","date_gmt":"2022-04-10T15:08:08","guid":{"rendered":"http:\/\/alias-animation.fr\/?post_type=product&#038;p=1154"},"modified":"2022-04-25T13:51:56","modified_gmt":"2022-04-25T13:51:56","slug":"birinic","status":"publish","type":"product","link":"https:\/\/alias-animation.fr\/?product=birinic","title":{"rendered":"Birinic"},"content":{"rendered":"","protected":false},"excerpt":{"rendered":"<p>Le jeu se joue en trois parties, chaque joueur r\u00e9alise ses\u00a0trois parties \u00e0 la suite, ou alternativement avec les<br \/>\nautres joueurs, dont le nombre peut \u00eatre illimit\u00e9.<br \/>\nLe jeu consiste \u00e0 lancer la boule de telle sorte qu\u2019elle abatte\u00a0les 9 quilles, en un maximum de 3 coups par partie. La boule\u00a0doit effectuer au moins 2 tours de plateau sans toucher les\u00a0quilles avant de commencer \u00e0 les abattre.<br \/>\nSi toutes les quilles sont abattues avant la fin des 3 coups,\u00a0on les repositionne sur le plateau avant de terminer les 3<br \/>\ntentatives. Le score s\u2019\u00e9tablit \u00e0 l\u2019issu des trois tentatives.<br \/>\nEntre chaque partie, les quilles sont remises en place et on\u00a0additionne les scores des 3 parties.<br \/>\nLe joueur qui aura abattu le plus grand nombre de quilles\u00a0au bout de ces trois parties aura gagn\u00e9.<\/p>\n<p>Nombre de joueurs : 1<\/p>\n","protected":false},"featured_media":1064,"template":"","meta":{"_et_pb_use_builder":"","_et_pb_old_content":"","_et_gb_content_width":"","_uag_custom_page_level_css":""},"product_brand":[],"product_cat":[19],"product_tag":[],"class_list":{"0":"post-1154","1":"product","2":"type-product","3":"status-publish","4":"has-post-thumbnail","6":"product_cat-jeux-geants","8":"first","9":"instock","10":"shipping-taxable","11":"purchasable","12":"product-type-simple"},"aioseo_notices":[],"uagb_featured_image_src":{"full":["https:\/\/alias-animation.fr\/wp-content\/uploads\/2022\/04\/birinic-gant-min-1.jpg",600,600,false],"thumbnail":["https:\/\/alias-animation.fr\/wp-content\/uploads\/2022\/04\/birinic-gant-min-1-150x150.jpg",150,150,true],"medium":["https:\/\/alias-animation.fr\/wp-content\/uploads\/2022\/04\/birinic-gant-min-1-300x300.jpg",300,300,true],"medium_large":["https:\/\/alias-animation.fr\/wp-content\/uploads\/2022\/04\/birinic-gant-min-1.jpg",600,600,false],"large":["https:\/\/alias-animation.fr\/wp-content\/uploads\/2022\/04\/birinic-gant-min-1.jpg",600,600,false],"1536x1536":["https:\/\/alias-animation.fr\/wp-content\/uploads\/2022\/04\/birinic-gant-min-1.jpg",600,600,false],"2048x2048":["https:\/\/alias-animation.fr\/wp-content\/uploads\/2022\/04\/birinic-gant-min-1.jpg",600,600,false],"et-pb-post-main-image":["https:\/\/alias-animation.fr\/wp-content\/uploads\/2022\/04\/birinic-gant-min-1.jpg",250,250,false],"et-pb-post-main-image-fullwidth":["https:\/\/alias-animation.fr\/wp-content\/uploads\/2022\/04\/birinic-gant-min-1.jpg",600,600,false],"et-pb-portfolio-image":["https:\/\/alias-animation.fr\/wp-content\/uploads\/2022\/04\/birinic-gant-min-1.jpg",284,284,false],"et-pb-portfolio-module-image":["https:\/\/alias-animation.fr\/wp-content\/uploads\/2022\/04\/birinic-gant-min-1.jpg",382,382,false],"et-pb-portfolio-image-single":["https:\/\/alias-animation.fr\/wp-content\/uploads\/2022\/04\/birinic-gant-min-1.jpg",600,600,false],"et-pb-gallery-module-image-portrait":["https:\/\/alias-animation.fr\/wp-content\/uploads\/2022\/04\/birinic-gant-min-1.jpg",400,400,false],"et-pb-post-main-image-fullwidth-large":["https:\/\/alias-animation.fr\/wp-content\/uploads\/2022\/04\/birinic-gant-min-1.jpg",600,600,false],"et-pb-image--responsive--desktop":["https:\/\/alias-animation.fr\/wp-content\/uploads\/2022\/04\/birinic-gant-min-1.jpg",600,600,false],"et-pb-image--responsive--tablet":["https:\/\/alias-animation.fr\/wp-content\/uploads\/2022\/04\/birinic-gant-min-1.jpg",551,551,false],"et-pb-image--responsive--phone":["https:\/\/alias-animation.fr\/wp-content\/uploads\/2022\/04\/birinic-gant-min-1.jpg",270,270,false],"woocommerce_thumbnail":["https:\/\/alias-animation.fr\/wp-content\/uploads\/2022\/04\/birinic-gant-min-1-300x300.jpg",300,300,true],"woocommerce_single":["https:\/\/alias-animation.fr\/wp-content\/uploads\/2022\/04\/birinic-gant-min-1.jpg",600,600,false],"woocommerce_gallery_thumbnail":["https:\/\/alias-animation.fr\/wp-content\/uploads\/2022\/04\/birinic-gant-min-1-100x100.jpg",100,100,true]},"uagb_author_info":{"display_name":"Laetitia Bizet","author_link":"https:\/\/alias-animation.fr\/?author=0"},"uagb_comment_info":0,"uagb_excerpt":"Le jeu se joue en trois parties, chaque joueur r\u00e9alise ses\u00a0trois parties \u00e0 la suite, ou alternativement avec les autres joueurs, dont le nombre peut \u00eatre illimit\u00e9. Le jeu consiste \u00e0 lancer la boule de telle sorte qu\u2019elle abatte\u00a0les 9 quilles, en un maximum de 3 coups par partie. La boule\u00a0doit effectuer au moins 2\u2026","jetpack_sharing_enabled":true,"_links":{"self":[{"href":"https:\/\/alias-animation.fr\/index.php?rest_route=\/wp\/v2\/product\/1154","targetHints":{"allow":["GET"]}}],"collection":[{"href":"https:\/\/alias-animation.fr\/index.php?rest_route=\/wp\/v2\/product"}],"about":[{"href":"https:\/\/alias-animation.fr\/index.php?rest_route=\/wp\/v2\/types\/product"}],"version-history":[{"count":2,"href":"https:\/\/alias-animation.fr\/index.php?rest_route=\/wp\/v2\/product\/1154\/revisions"}],"predecessor-version":[{"id":2196,"href":"https:\/\/alias-animation.fr\/index.php?rest_route=\/wp\/v2\/product\/1154\/revisions\/2196"}],"wp:featuredmedia":[{"embeddable":true,"href":"https:\/\/alias-animation.fr\/index.php?rest_route=\/wp\/v2\/media\/1064"}],"wp:attachment":[{"href":"https:\/\/alias-animation.fr\/index.php?rest_route=%2Fwp%2Fv2%2Fmedia&parent=1154"}],"wp:term":[{"taxonomy":"product_brand","embeddable":true,"href":"https:\/\/alias-animation.fr\/index.php?rest_route=%2Fwp%2Fv2%2Fproduct_brand&post=1154"},{"taxonomy":"product_cat","embeddable":true,"href":"https:\/\/alias-animation.fr\/index.php?rest_route=%2Fwp%2Fv2%2Fproduct_cat&post=1154"},{"taxonomy":"product_tag","embeddable":true,"href":"https:\/\/alias-animation.fr\/index.php?rest_route=%2Fwp%2Fv2%2Fproduct_tag&post=1154"}],"curies":[{"name":"wp","href":"https:\/\/api.w.org\/{rel}","templated":true}]}}