{"id":1152,"date":"2022-04-10T15:04:43","date_gmt":"2022-04-10T15:04:43","guid":{"rendered":"http:\/\/alias-animation.fr\/?post_type=product&#038;p=1152"},"modified":"2022-04-25T13:53:27","modified_gmt":"2022-04-25T13:53:27","slug":"billard-hollandais","status":"publish","type":"product","link":"https:\/\/alias-animation.fr\/?product=billard-hollandais","title":{"rendered":"Billard Hollandais"},"content":{"rendered":"","protected":false},"excerpt":{"rendered":"<p>Le joueur dispose de 3 essais pour faire entrer le\u00a0plus grand nombre de palets dans quatre casiers\u00a0num\u00e9rot\u00e9s de 1 \u00e0 4.<br \/>\nApr\u00e8s le premier lancer, le joueur r\u00e9cup\u00e8re les palets qui ne\u00a0sont pas entr\u00e9s dans les casiers.<br \/>\nLes autres restent immobilis\u00e9s dans les casiers et ne seront\u00a0comptabilis\u00e9s qu\u2019\u00e0 la fin du troisi\u00e8me essai.<br \/>\nComptage des points :<br \/>\nUn palet dispos\u00e9 dans chaque casier, de fa\u00e7on \u00e0\u00a0former une ligne, compte double, soit 20 points.<br \/>\n(1 + 2 + 3 + 4) x 2 = 20 points.<br \/>\nLes autres ont la valeur du casier.<br \/>\nAdditioner le tout.<\/p>\n<div class=\"page\" title=\"Page 11\">\n<div class=\"layoutArea\">\n<div class=\"column\">\n<p>Nombre de joueurs : 1<\/p>\n<\/div>\n<\/div>\n<\/div>\n","protected":false},"featured_media":1063,"template":"","meta":{"_et_pb_use_builder":"","_et_pb_old_content":"","_et_gb_content_width":"","_uag_custom_page_level_css":""},"product_brand":[],"product_cat":[19],"product_tag":[],"class_list":{"0":"post-1152","1":"product","2":"type-product","3":"status-publish","4":"has-post-thumbnail","6":"product_cat-jeux-geants","8":"first","9":"instock","10":"shipping-taxable","11":"purchasable","12":"product-type-simple"},"aioseo_notices":[],"uagb_featured_image_src":{"full":["https:\/\/alias-animation.fr\/wp-content\/uploads\/2022\/04\/billard-hollandais-ok-min-1.jpg",600,600,false],"thumbnail":["https:\/\/alias-animation.fr\/wp-content\/uploads\/2022\/04\/billard-hollandais-ok-min-1-150x150.jpg",150,150,true],"medium":["https:\/\/alias-animation.fr\/wp-content\/uploads\/2022\/04\/billard-hollandais-ok-min-1-300x300.jpg",300,300,true],"medium_large":["https:\/\/alias-animation.fr\/wp-content\/uploads\/2022\/04\/billard-hollandais-ok-min-1.jpg",600,600,false],"large":["https:\/\/alias-animation.fr\/wp-content\/uploads\/2022\/04\/billard-hollandais-ok-min-1.jpg",600,600,false],"1536x1536":["https:\/\/alias-animation.fr\/wp-content\/uploads\/2022\/04\/billard-hollandais-ok-min-1.jpg",600,600,false],"2048x2048":["https:\/\/alias-animation.fr\/wp-content\/uploads\/2022\/04\/billard-hollandais-ok-min-1.jpg",600,600,false],"et-pb-post-main-image":["https:\/\/alias-animation.fr\/wp-content\/uploads\/2022\/04\/billard-hollandais-ok-min-1.jpg",250,250,false],"et-pb-post-main-image-fullwidth":["https:\/\/alias-animation.fr\/wp-content\/uploads\/2022\/04\/billard-hollandais-ok-min-1.jpg",600,600,false],"et-pb-portfolio-image":["https:\/\/alias-animation.fr\/wp-content\/uploads\/2022\/04\/billard-hollandais-ok-min-1.jpg",284,284,false],"et-pb-portfolio-module-image":["https:\/\/alias-animation.fr\/wp-content\/uploads\/2022\/04\/billard-hollandais-ok-min-1.jpg",382,382,false],"et-pb-portfolio-image-single":["https:\/\/alias-animation.fr\/wp-content\/uploads\/2022\/04\/billard-hollandais-ok-min-1.jpg",600,600,false],"et-pb-gallery-module-image-portrait":["https:\/\/alias-animation.fr\/wp-content\/uploads\/2022\/04\/billard-hollandais-ok-min-1.jpg",400,400,false],"et-pb-post-main-image-fullwidth-large":["https:\/\/alias-animation.fr\/wp-content\/uploads\/2022\/04\/billard-hollandais-ok-min-1.jpg",600,600,false],"et-pb-image--responsive--desktop":["https:\/\/alias-animation.fr\/wp-content\/uploads\/2022\/04\/billard-hollandais-ok-min-1.jpg",600,600,false],"et-pb-image--responsive--tablet":["https:\/\/alias-animation.fr\/wp-content\/uploads\/2022\/04\/billard-hollandais-ok-min-1.jpg",551,551,false],"et-pb-image--responsive--phone":["https:\/\/alias-animation.fr\/wp-content\/uploads\/2022\/04\/billard-hollandais-ok-min-1.jpg",270,270,false],"woocommerce_thumbnail":["https:\/\/alias-animation.fr\/wp-content\/uploads\/2022\/04\/billard-hollandais-ok-min-1-300x300.jpg",300,300,true],"woocommerce_single":["https:\/\/alias-animation.fr\/wp-content\/uploads\/2022\/04\/billard-hollandais-ok-min-1.jpg",600,600,false],"woocommerce_gallery_thumbnail":["https:\/\/alias-animation.fr\/wp-content\/uploads\/2022\/04\/billard-hollandais-ok-min-1-100x100.jpg",100,100,true]},"uagb_author_info":{"display_name":"Laetitia Bizet","author_link":"https:\/\/alias-animation.fr\/?author=0"},"uagb_comment_info":0,"uagb_excerpt":"Le joueur dispose de 3 essais pour faire entrer le\u00a0plus grand nombre de palets dans quatre casiers\u00a0num\u00e9rot\u00e9s de 1 \u00e0 4. Apr\u00e8s le premier lancer, le joueur r\u00e9cup\u00e8re les palets qui ne\u00a0sont pas entr\u00e9s dans les casiers. Les autres restent immobilis\u00e9s dans les casiers et ne seront\u00a0comptabilis\u00e9s qu\u2019\u00e0 la fin du troisi\u00e8me essai. Comptage des\u2026","jetpack_sharing_enabled":true,"_links":{"self":[{"href":"https:\/\/alias-animation.fr\/index.php?rest_route=\/wp\/v2\/product\/1152","targetHints":{"allow":["GET"]}}],"collection":[{"href":"https:\/\/alias-animation.fr\/index.php?rest_route=\/wp\/v2\/product"}],"about":[{"href":"https:\/\/alias-animation.fr\/index.php?rest_route=\/wp\/v2\/types\/product"}],"version-history":[{"count":3,"href":"https:\/\/alias-animation.fr\/index.php?rest_route=\/wp\/v2\/product\/1152\/revisions"}],"predecessor-version":[{"id":2197,"href":"https:\/\/alias-animation.fr\/index.php?rest_route=\/wp\/v2\/product\/1152\/revisions\/2197"}],"wp:featuredmedia":[{"embeddable":true,"href":"https:\/\/alias-animation.fr\/index.php?rest_route=\/wp\/v2\/media\/1063"}],"wp:attachment":[{"href":"https:\/\/alias-animation.fr\/index.php?rest_route=%2Fwp%2Fv2%2Fmedia&parent=1152"}],"wp:term":[{"taxonomy":"product_brand","embeddable":true,"href":"https:\/\/alias-animation.fr\/index.php?rest_route=%2Fwp%2Fv2%2Fproduct_brand&post=1152"},{"taxonomy":"product_cat","embeddable":true,"href":"https:\/\/alias-animation.fr\/index.php?rest_route=%2Fwp%2Fv2%2Fproduct_cat&post=1152"},{"taxonomy":"product_tag","embeddable":true,"href":"https:\/\/alias-animation.fr\/index.php?rest_route=%2Fwp%2Fv2%2Fproduct_tag&post=1152"}],"curies":[{"name":"wp","href":"https:\/\/api.w.org\/{rel}","templated":true}]}}