{"id":1149,"date":"2022-04-10T15:01:17","date_gmt":"2022-04-10T15:01:17","guid":{"rendered":"http:\/\/alias-animation.fr\/?post_type=product&#038;p=1149"},"modified":"2022-05-10T09:26:05","modified_gmt":"2022-05-10T09:26:05","slug":"billard-carroussel-mini","status":"publish","type":"product","link":"https:\/\/alias-animation.fr\/?product=billard-carroussel-mini","title":{"rendered":"Billard Carroussel"},"content":{"rendered":"","protected":false},"excerpt":{"rendered":"<p>Chaque joueur essaie \u00e0 l\u2019aide d\u2019une queue de rentrer les\u00a08 billes dans les trous du haut.<br \/>\nOn totalise la valeur des trous par lesquels passent les\u00a0billes et la valeur des cases bonus ou elles arrivent apr\u00e8s<br \/>\n\u00eatre pass\u00e9es par le labyrinthe int\u00e9rieur.<br \/>\nLes joueurs tirent \u00e0 tour de r\u00f4le leurs 8 billes, mais n\u2019ont\u00a0que 2 essais par bille si une bille ne rentre pas dans 1 trou<br \/>\napr\u00e8s 2 essais on la place dans la case 0.<br \/>\nSi une bille arrive dans la case D (d\u00e9part), elle peut \u00eatre\u00a0rejou\u00e9e et l\u2019on comptera de nouveau la valeur du trou par<br \/>\nlequel elle repassera.<br \/>\nLe gagnant est le joueur qui totalise le + de points.<br \/>\nToute bille sortie du jeu ne pourra \u00eatre rejou\u00e9e et donnera\u00a0un malus de 20 points.<\/p>\n<div class=\"page\" title=\"Page 9\">\n<div class=\"layoutArea\">\n<div class=\"column\">\n<p>Nombre de joueurs : 1<\/p>\n<\/div>\n<\/div>\n<\/div>\n","protected":false},"featured_media":2629,"template":"","meta":{"_et_pb_use_builder":"","_et_pb_old_content":"","_et_gb_content_width":"","_uag_custom_page_level_css":""},"product_brand":[],"product_cat":[19],"product_tag":[],"class_list":{"0":"post-1149","1":"product","2":"type-product","3":"status-publish","4":"has-post-thumbnail","6":"product_cat-jeux-geants","8":"first","9":"instock","10":"shipping-taxable","11":"purchasable","12":"product-type-simple"},"aioseo_notices":[],"uagb_featured_image_src":{"full":["https:\/\/alias-animation.fr\/wp-content\/uploads\/2022\/04\/Billard-Carroussel-2-300x300-1.jpg",605,605,false],"thumbnail":["https:\/\/alias-animation.fr\/wp-content\/uploads\/2022\/04\/Billard-Carroussel-2-300x300-1-150x150.jpg",150,150,true],"medium":["https:\/\/alias-animation.fr\/wp-content\/uploads\/2022\/04\/Billard-Carroussel-2-300x300-1-300x300.jpg",300,300,true],"medium_large":["https:\/\/alias-animation.fr\/wp-content\/uploads\/2022\/04\/Billard-Carroussel-2-300x300-1.jpg",605,605,false],"large":["https:\/\/alias-animation.fr\/wp-content\/uploads\/2022\/04\/Billard-Carroussel-2-300x300-1.jpg",605,605,false],"1536x1536":["https:\/\/alias-animation.fr\/wp-content\/uploads\/2022\/04\/Billard-Carroussel-2-300x300-1.jpg",605,605,false],"2048x2048":["https:\/\/alias-animation.fr\/wp-content\/uploads\/2022\/04\/Billard-Carroussel-2-300x300-1.jpg",605,605,false],"et-pb-post-main-image":["https:\/\/alias-animation.fr\/wp-content\/uploads\/2022\/04\/Billard-Carroussel-2-300x300-1.jpg",250,250,false],"et-pb-post-main-image-fullwidth":["https:\/\/alias-animation.fr\/wp-content\/uploads\/2022\/04\/Billard-Carroussel-2-300x300-1.jpg",605,605,false],"et-pb-portfolio-image":["https:\/\/alias-animation.fr\/wp-content\/uploads\/2022\/04\/Billard-Carroussel-2-300x300-1.jpg",284,284,false],"et-pb-portfolio-module-image":["https:\/\/alias-animation.fr\/wp-content\/uploads\/2022\/04\/Billard-Carroussel-2-300x300-1.jpg",382,382,false],"et-pb-portfolio-image-single":["https:\/\/alias-animation.fr\/wp-content\/uploads\/2022\/04\/Billard-Carroussel-2-300x300-1.jpg",605,605,false],"et-pb-gallery-module-image-portrait":["https:\/\/alias-animation.fr\/wp-content\/uploads\/2022\/04\/Billard-Carroussel-2-300x300-1.jpg",400,400,false],"et-pb-post-main-image-fullwidth-large":["https:\/\/alias-animation.fr\/wp-content\/uploads\/2022\/04\/Billard-Carroussel-2-300x300-1.jpg",605,605,false],"et-pb-image--responsive--desktop":["https:\/\/alias-animation.fr\/wp-content\/uploads\/2022\/04\/Billard-Carroussel-2-300x300-1.jpg",605,605,false],"et-pb-image--responsive--tablet":["https:\/\/alias-animation.fr\/wp-content\/uploads\/2022\/04\/Billard-Carroussel-2-300x300-1.jpg",551,551,false],"et-pb-image--responsive--phone":["https:\/\/alias-animation.fr\/wp-content\/uploads\/2022\/04\/Billard-Carroussel-2-300x300-1.jpg",270,270,false],"woocommerce_thumbnail":["https:\/\/alias-animation.fr\/wp-content\/uploads\/2022\/04\/Billard-Carroussel-2-300x300-1-300x300.jpg",300,300,true],"woocommerce_single":["https:\/\/alias-animation.fr\/wp-content\/uploads\/2022\/04\/Billard-Carroussel-2-300x300-1-600x600.jpg",600,600,true],"woocommerce_gallery_thumbnail":["https:\/\/alias-animation.fr\/wp-content\/uploads\/2022\/04\/Billard-Carroussel-2-300x300-1-100x100.jpg",100,100,true]},"uagb_author_info":{"display_name":"Laetitia Bizet","author_link":"https:\/\/alias-animation.fr\/?author=0"},"uagb_comment_info":0,"uagb_excerpt":"Chaque joueur essaie \u00e0 l\u2019aide d\u2019une queue de rentrer les\u00a08 billes dans les trous du haut. On totalise la valeur des trous par lesquels passent les\u00a0billes et la valeur des cases bonus ou elles arrivent apr\u00e8s \u00eatre pass\u00e9es par le labyrinthe int\u00e9rieur. Les joueurs tirent \u00e0 tour de r\u00f4le leurs 8 billes, mais n\u2019ont\u00a0que 2\u2026","jetpack_sharing_enabled":true,"_links":{"self":[{"href":"https:\/\/alias-animation.fr\/index.php?rest_route=\/wp\/v2\/product\/1149","targetHints":{"allow":["GET"]}}],"collection":[{"href":"https:\/\/alias-animation.fr\/index.php?rest_route=\/wp\/v2\/product"}],"about":[{"href":"https:\/\/alias-animation.fr\/index.php?rest_route=\/wp\/v2\/types\/product"}],"version-history":[{"count":3,"href":"https:\/\/alias-animation.fr\/index.php?rest_route=\/wp\/v2\/product\/1149\/revisions"}],"predecessor-version":[{"id":2199,"href":"https:\/\/alias-animation.fr\/index.php?rest_route=\/wp\/v2\/product\/1149\/revisions\/2199"}],"wp:featuredmedia":[{"embeddable":true,"href":"https:\/\/alias-animation.fr\/index.php?rest_route=\/wp\/v2\/media\/2629"}],"wp:attachment":[{"href":"https:\/\/alias-animation.fr\/index.php?rest_route=%2Fwp%2Fv2%2Fmedia&parent=1149"}],"wp:term":[{"taxonomy":"product_brand","embeddable":true,"href":"https:\/\/alias-animation.fr\/index.php?rest_route=%2Fwp%2Fv2%2Fproduct_brand&post=1149"},{"taxonomy":"product_cat","embeddable":true,"href":"https:\/\/alias-animation.fr\/index.php?rest_route=%2Fwp%2Fv2%2Fproduct_cat&post=1149"},{"taxonomy":"product_tag","embeddable":true,"href":"https:\/\/alias-animation.fr\/index.php?rest_route=%2Fwp%2Fv2%2Fproduct_tag&post=1149"}],"curies":[{"name":"wp","href":"https:\/\/api.w.org\/{rel}","templated":true}]}}